{"id":3083,"date":"2020-03-18T16:53:36","date_gmt":"2020-03-18T15:53:36","guid":{"rendered":"https:\/\/www.efaro.de\/about-us\/dedicated-team\/"},"modified":"2020-03-18T16:53:37","modified_gmt":"2020-03-18T15:53:37","slug":"dedicated-team","status":"publish","type":"page","link":"https:\/\/www.efaro.de\/de\/about-us\/dedicated-team\/","title":{"rendered":"Spezialisiertes Team"},"content":{"rendered":"<div class=\"wpb-content-wrapper\"><p>[vc_row css_animation=&#8220;slideInUp&#8220;][vc_column]<style type=\"text\/css\" data-type=\"the7_shortcodes-inline-css\">.dt-team-shortcode.team-masonry-shortcode-id-65e4d9cb3ffb5e0b1c1de4b8f1c1ef4b .team-desc {\n  padding: 20px 20px 20px 20px;\n}\n.dt-team-shortcode.team-masonry-shortcode-id-65e4d9cb3ffb5e0b1c1de4b8f1c1ef4b .team-author-name,\n.dt-team-shortcode.team-masonry-shortcode-id-65e4d9cb3ffb5e0b1c1de4b8f1c1ef4b .team-author-name a {\n  margin-bottom: 0px;\n  font-weight: bold;\n}\n.dt-team-shortcode.team-masonry-shortcode-id-65e4d9cb3ffb5e0b1c1de4b8f1c1ef4b .team-author p {\n  margin-bottom: 10px;\n  font-weight: bold;\n}\n.dt-team-shortcode.team-masonry-shortcode-id-65e4d9cb3ffb5e0b1c1de4b8f1c1ef4b  .team-media {\n  padding: 0px 0px 0px 0px;\n}\n.dt-team-shortcode.team-masonry-shortcode-id-65e4d9cb3ffb5e0b1c1de4b8f1c1ef4b .dt-css-grid .team-media img {\n  max-width: 100%;\n}\n.dt-team-shortcode.team-masonry-shortcode-id-65e4d9cb3ffb5e0b1c1de4b8f1c1ef4b .team-content {\n  margin-bottom: 5px;\n}\n.dt-team-shortcode.team-masonry-shortcode-id-65e4d9cb3ffb5e0b1c1de4b8f1c1ef4b  .team-media,\n.dt-team-shortcode.team-masonry-shortcode-id-65e4d9cb3ffb5e0b1c1de4b8f1c1ef4b  .team-media a.rollover,\n.dt-team-shortcode.team-masonry-shortcode-id-65e4d9cb3ffb5e0b1c1de4b8f1c1ef4b  .team-media a.rollover *,\n.dt-team-shortcode.team-masonry-shortcode-id-65e4d9cb3ffb5e0b1c1de4b8f1c1ef4b  .team-media img {\n  border-radius: 0px;\n}\n.dt-team-shortcode.team-masonry-shortcode-id-65e4d9cb3ffb5e0b1c1de4b8f1c1ef4b .soc-ico {\n  margin-bottom: 15px;\n}\n.dt-team-shortcode.team-masonry-shortcode-id-65e4d9cb3ffb5e0b1c1de4b8f1c1ef4b .soc-ico a {\n  min-width: 26px;\n  min-height: 26px;\n  font-size: 16px;\n  border-radius: 100px;\n}\n.dt-team-shortcode.team-masonry-shortcode-id-65e4d9cb3ffb5e0b1c1de4b8f1c1ef4b .soc-ico a:not(:last-child) {\n  margin-right: 4px;\n}\n.dt-team-shortcode.team-masonry-shortcode-id-65e4d9cb3ffb5e0b1c1de4b8f1c1ef4b .soc-ico a:before,\n.dt-team-shortcode.team-masonry-shortcode-id-65e4d9cb3ffb5e0b1c1de4b8f1c1ef4b .soc-ico a:after {\n  min-width: 26px;\n  min-height: 26px;\n  padding: inherit;\n}\n.dt-icon-border-on.dt-team-shortcode.team-masonry-shortcode-id-65e4d9cb3ffb5e0b1c1de4b8f1c1ef4b .soc-ico a:before {\n  border: 0px solid transparent;\n}\n.dt-team-shortcode.team-masonry-shortcode-id-65e4d9cb3ffb5e0b1c1de4b8f1c1ef4b .soc-ico a:hover {\n  font-size: 16px;\n}\n#page .dt-team-shortcode.team-masonry-shortcode-id-65e4d9cb3ffb5e0b1c1de4b8f1c1ef4b .soc-ico a:hover .soc-font-icon {\n  color: rgba(255,255,255,0.75);\n  background: none;\n}\n.dt-icon-border-hover-on.dt-team-shortcode.team-masonry-shortcode-id-65e4d9cb3ffb5e0b1c1de4b8f1c1ef4b .soc-ico a:after {\n  border: 0px solid transparent;\n}\n#page .dt-team-shortcode.team-masonry-shortcode-id-65e4d9cb3ffb5e0b1c1de4b8f1c1ef4b .soc-ico a:not(:hover) .soc-font-icon {\n  color: #ffffff;\n  background: none;\n}\n.dt-team-shortcode.team-masonry-shortcode-id-65e4d9cb3ffb5e0b1c1de4b8f1c1ef4b .soc-ico a .soc-font-icon {\n  font-size: 16px;\n}\n.dt-team-shortcode.team-masonry-shortcode-id-65e4d9cb3ffb5e0b1c1de4b8f1c1ef4b .filter-bg-decoration .filter-categories a.act {\n  color: #fff;\n}\n.dt-team-shortcode.team-masonry-shortcode-id-65e4d9cb3ffb5e0b1c1de4b8f1c1ef4b:not(.resize-by-browser-width) .dt-css-grid {\n  grid-row-gap: 30px;\n  grid-column-gap: 30px;\n  grid-template-columns: repeat(auto-fill,minmax(,1fr));\n}\n.cssgridlegacy.no-cssgrid .dt-team-shortcode.team-masonry-shortcode-id-65e4d9cb3ffb5e0b1c1de4b8f1c1ef4b:not(.resize-by-browser-width) .dt-css-grid,\n.no-cssgridlegacy.no-cssgrid .dt-team-shortcode.team-masonry-shortcode-id-65e4d9cb3ffb5e0b1c1de4b8f1c1ef4b:not(.resize-by-browser-width) .dt-css-grid {\n  display: flex;\n  flex-flow: row wrap;\n  margin: -15px;\n}\n.cssgridlegacy.no-cssgrid .dt-team-shortcode.team-masonry-shortcode-id-65e4d9cb3ffb5e0b1c1de4b8f1c1ef4b:not(.resize-by-browser-width) .dt-css-grid .wf-cell,\n.no-cssgridlegacy.no-cssgrid .dt-team-shortcode.team-masonry-shortcode-id-65e4d9cb3ffb5e0b1c1de4b8f1c1ef4b:not(.resize-by-browser-width) .dt-css-grid .wf-cell {\n  flex: 1 0 ;\n  max-width: 100%;\n  padding: 15px;\n  box-sizing: border-box;\n}\n.dt-team-shortcode.team-masonry-shortcode-id-65e4d9cb3ffb5e0b1c1de4b8f1c1ef4b.resize-by-browser-width .dt-css-grid {\n  grid-template-columns: repeat(3,1fr);\n  grid-template-rows: auto;\n  grid-column-gap: 30px;\n  grid-row-gap: 30px;\n}\n.cssgridlegacy.no-cssgrid .dt-team-shortcode.team-masonry-shortcode-id-65e4d9cb3ffb5e0b1c1de4b8f1c1ef4b.resize-by-browser-width .dt-css-grid,\n.no-cssgridlegacy.no-cssgrid .dt-team-shortcode.team-masonry-shortcode-id-65e4d9cb3ffb5e0b1c1de4b8f1c1ef4b.resize-by-browser-width .dt-css-grid {\n  margin: -15px;\n}\n.cssgridlegacy.no-cssgrid .dt-team-shortcode.team-masonry-shortcode-id-65e4d9cb3ffb5e0b1c1de4b8f1c1ef4b.resize-by-browser-width .dt-css-grid .wf-cell,\n.no-cssgridlegacy.no-cssgrid .dt-team-shortcode.team-masonry-shortcode-id-65e4d9cb3ffb5e0b1c1de4b8f1c1ef4b.resize-by-browser-width .dt-css-grid .wf-cell {\n  width: 33.333333333333%;\n  padding: 15px;\n}\n@media screen and (max-width: 1199px) {\n  .dt-team-shortcode.team-masonry-shortcode-id-65e4d9cb3ffb5e0b1c1de4b8f1c1ef4b.resize-by-browser-width .dt-css-grid {\n    grid-template-columns: repeat(3,1fr);\n  }\n  .cssgridlegacy.no-cssgrid .dt-team-shortcode.team-masonry-shortcode-id-65e4d9cb3ffb5e0b1c1de4b8f1c1ef4b.resize-by-browser-width .dt-css-grid .wf-cell,\n  .no-cssgridlegacy.no-cssgrid .dt-team-shortcode.team-masonry-shortcode-id-65e4d9cb3ffb5e0b1c1de4b8f1c1ef4b.resize-by-browser-width .dt-css-grid .wf-cell {\n    width: 33.333333333333%;\n  }\n}\n@media screen and (max-width: 991px) {\n  .dt-team-shortcode.team-masonry-shortcode-id-65e4d9cb3ffb5e0b1c1de4b8f1c1ef4b.resize-by-browser-width .dt-css-grid {\n    grid-template-columns: repeat(2,1fr);\n  }\n  .cssgridlegacy.no-cssgrid .dt-team-shortcode.team-masonry-shortcode-id-65e4d9cb3ffb5e0b1c1de4b8f1c1ef4b.resize-by-browser-width .dt-css-grid .wf-cell,\n  .no-cssgridlegacy.no-cssgrid .dt-team-shortcode.team-masonry-shortcode-id-65e4d9cb3ffb5e0b1c1de4b8f1c1ef4b.resize-by-browser-width .dt-css-grid .wf-cell {\n    width: 50%;\n  }\n}\n@media screen and (max-width: 767px) {\n  .dt-team-shortcode.team-masonry-shortcode-id-65e4d9cb3ffb5e0b1c1de4b8f1c1ef4b.resize-by-browser-width .dt-css-grid {\n    grid-template-columns: repeat(1,1fr);\n  }\n  .cssgridlegacy.no-cssgrid .dt-team-shortcode.team-masonry-shortcode-id-65e4d9cb3ffb5e0b1c1de4b8f1c1ef4b.resize-by-browser-width .dt-css-grid .wf-cell,\n  .no-cssgridlegacy.no-cssgrid .dt-team-shortcode.team-masonry-shortcode-id-65e4d9cb3ffb5e0b1c1de4b8f1c1ef4b.resize-by-browser-width .dt-css-grid .wf-cell {\n    width: 100%;\n  }\n}\n<\/style><div class=\"dt-team-masonry-shortcode dt-team-shortcode team-masonry-shortcode-id-65e4d9cb3ffb5e0b1c1de4b8f1c1ef4b loading-effect-fade-in mode-masonry jquery-filter content-align-center scale-img dt-icon-bg-on dt-icon-border-on dt-icon-hover-bg-on dt-icon-border-hover-on move-icons-under-position resize-by-browser-width  \" data-padding=\"15px\" data-cur-page=\"1\" data-post-limit=\"-1\" data-pagination-mode=\"none\" data-desktop-columns-num=\"3\" data-v-tablet-columns-num=\"2\" data-h-tablet-columns-num=\"3\" data-phone-columns-num=\"1\" data-width=\"0px\" data-columns=\"0\"><div class=\"iso-filter extras-off filter\"><div class=\"filter-categories\" data-default-order=\"desc\" data-default-orderby=\"date\"><a href=\"https:\/\/www.efaro.de\/de\/about-us\/dedicated-team\/\" class=\"show-all act\" data-filter=\"*\" aria-label=\"Apply filter: Alle anzeigen\">Alle anzeigen<\/a><a href=\"https:\/\/www.efaro.de\/de\/about-us\/dedicated-team\/?term=31\" class=\"anwendungsentwicklung\" data-filter=\".category-31\" aria-label=\"Apply filter: Anwendungsentwicklung\">Anwendungsentwicklung<\/a><a href=\"https:\/\/www.efaro.de\/de\/about-us\/dedicated-team\/?term=30\" class=\"hmi-entwickler\" data-filter=\".category-30\" aria-label=\"Apply filter: HMI-Entwickler\">HMI-Entwickler<\/a><a href=\"https:\/\/www.efaro.de\/de\/about-us\/dedicated-team\/?term=28\" class=\"softwareentwickler\" data-filter=\".category-28\" aria-label=\"Apply filter: Softwareentwickler\">Softwareentwickler<\/a><a href=\"https:\/\/www.efaro.de\/de\/about-us\/dedicated-team\/?term=29\" class=\"sps-entwickler\" data-filter=\".category-29\" aria-label=\"Apply filter: SPS-Entwickler\">SPS-Entwickler<\/a><\/div><\/div><div class=\"iso-container\" ><div class=\"visible wf-cell iso-item category-31 category-30 category-28 category-29\" data-post-id=\"3071\" data-date=\"2020-03-18T16:03:50+01:00\" data-name=\"Enrico Schicht\"><div class=\"team-container visible post post-3071 dt_team type-dt_team status-publish has-post-thumbnail hentry dt_team_category-anwendungsentwicklung dt_team_category-hmi-entwickler dt_team_category-softwareentwickler dt_team_category-sps-entwickler dt_team_category-31 dt_team_category-30 dt_team_category-28 dt_team_category-29\"><div class=\"team-media\"><span><img fetchpriority=\"high\" decoding=\"async\" class=\"preload-me iso-lazy-load aspect\" src=\"data:image\/svg+xml,%3Csvg%20xmlns%3D&#39;http%3A%2F%2Fwww.w3.org%2F2000%2Fsvg&#39;%20viewBox%3D&#39;0%200%20437%20555&#39;%2F%3E\" data-src=\"https:\/\/www.efaro.de\/WordPress\/wp-content\/uploads\/2020\/03\/Personal_1.png\" data-srcset=\"https:\/\/www.efaro.de\/WordPress\/wp-content\/uploads\/2020\/03\/Personal_1.png 437w\" loading=\"eager\" style=\"--ratio: 437 \/ 555\" sizes=\"(max-width: 437px) 100vw, 437px\" width=\"437\" height=\"555\"  title=\"Personal_1\" alt=\"\" \/><\/span><\/div><div class=\"team-desc\"><div class=\"team-author\"><div class=\"team-author-name\">Enrico Schicht<\/div><p>Gr\u00fcnder und Gesch\u00e4ftsf\u00fchrer, Softwareentwickler<\/p><\/div><div class=\"team-content\">\n<ul class=\"wp-block-list\"><li>Start ins Berufsleben bei der Siemens AG (1991)<\/li><li>\u00dcber 7 Jahre Erfahrung als Projektleiter im Schaltanlagenbau<\/li><li>Seit 2005 als SPS-Entwickler mit eigenem Unternehmen am freien Markt<\/li><li>Immer auf der Suche nach neuen Innovationen im Bereich HMI, Anwendungsprogrammierung und UX-Design<\/li><\/ul>\n\n\n\n<div class=\"wp-block-button aligncenter\"><a class=\"wp-block-button__link\" href=\"https:\/\/www.efaro.de\/WordPress\/wp-content\/uploads\/2021\/06\/EFARO_ES_ProjectList.pdf\">Projektliste<\/a><\/div>\n\n\n\n<pre class=\"wp-block-preformatted\"><a href=\"https:\/\/www.freelancermap.de\/freelancer-verzeichnis\/profile\/entwicklung\/49709-profil-enrico-schicht-ux-design-fuer-hmi-sps-programmierer-twincat-simatic-tia-anwendungsprogrammierer-vbnet.html)\" target=\"_blank\" title=\"Profil von Enrico Schicht auf www.freelancermap.de\" rel=\"noopener noreferrer\"><img decoding=\"async\" src=\"https:\/\/www.freelancermap.de\/images\/widgets\/button\/freelancermap.png\"><\/a><\/pre>\n<\/div><div class=\"soc-ico\"><a title=\"E-mail\" href=\"mailto:enrico.schicht@efaro.de\" target=\"_top\" class=\"mail\"><span class=\"soc-font-icon\"><\/span><span class=\"screen-reader-text\">E-mail<\/span><\/a><a title=\"XING\" href=\"https:\/\/www.xing.com\/profile\/Enrico_Schicht2\/cv\" target=\"_blank\" class=\"xing\"><span class=\"soc-font-icon\"><\/span><span class=\"screen-reader-text\">XING<\/span><\/a><\/div><\/div><\/div><\/div><\/div><!-- iso-container|iso-grid --><\/div>[\/vc_column][\/vc_row]<\/p>\n<\/div>","protected":false},"excerpt":{"rendered":"<p>[vc_row css_animation=&#8220;slideInUp&#8220;][vc_column][\/vc_column][\/vc_row]<\/p>\n","protected":false},"author":1,"featured_media":0,"parent":3081,"menu_order":0,"comment_status":"closed","ping_status":"closed","template":"","meta":{"footnotes":""},"class_list":["post-3083","page","type-page","status-publish","hentry","description-off"],"yoast_head":"<!-- This site is optimized with the Yoast SEO plugin v25.5 - https:\/\/yoast.com\/wordpress\/plugins\/seo\/ -->\n<title>Spezialisiertes Team - EFARO industrial software developing<\/title>\n<meta name=\"robots\" content=\"index, follow, max-snippet:-1, max-image-preview:large, max-video-preview:-1\" \/>\n<link rel=\"canonical\" href=\"https:\/\/www.efaro.de\/de\/about-us\/dedicated-team\/\" \/>\n<meta property=\"og:locale\" content=\"de_DE\" \/>\n<meta property=\"og:type\" content=\"article\" \/>\n<meta property=\"og:title\" content=\"Spezialisiertes Team - EFARO industrial software developing\" \/>\n<meta property=\"og:description\" content=\"[vc_row css_animation=&#8220;slideInUp&#8220;][vc_column][\/vc_column][\/vc_row]\" \/>\n<meta property=\"og:url\" content=\"https:\/\/www.efaro.de\/de\/about-us\/dedicated-team\/\" \/>\n<meta property=\"og:site_name\" content=\"EFARO industrial software developing\" \/>\n<meta property=\"article:modified_time\" content=\"2020-03-18T15:53:37+00:00\" \/>\n<meta name=\"twitter:card\" content=\"summary_large_image\" \/>\n<script type=\"application\/ld+json\" class=\"yoast-schema-graph\">{\"@context\":\"https:\/\/schema.org\",\"@graph\":[{\"@type\":\"WebPage\",\"@id\":\"https:\/\/www.efaro.de\/de\/about-us\/dedicated-team\/\",\"url\":\"https:\/\/www.efaro.de\/de\/about-us\/dedicated-team\/\",\"name\":\"Spezialisiertes Team - EFARO industrial software developing\",\"isPartOf\":{\"@id\":\"https:\/\/www.efaro.de\/de\/#website\"},\"datePublished\":\"2020-03-18T15:53:36+00:00\",\"dateModified\":\"2020-03-18T15:53:37+00:00\",\"breadcrumb\":{\"@id\":\"https:\/\/www.efaro.de\/de\/about-us\/dedicated-team\/#breadcrumb\"},\"inLanguage\":\"de\",\"potentialAction\":[{\"@type\":\"ReadAction\",\"target\":[\"https:\/\/www.efaro.de\/de\/about-us\/dedicated-team\/\"]}]},{\"@type\":\"BreadcrumbList\",\"@id\":\"https:\/\/www.efaro.de\/de\/about-us\/dedicated-team\/#breadcrumb\",\"itemListElement\":[{\"@type\":\"ListItem\",\"position\":1,\"name\":\"Startseite\",\"item\":\"https:\/\/www.efaro.de\/de\/\"},{\"@type\":\"ListItem\",\"position\":2,\"name\":\"\u00dcber mich\",\"item\":\"https:\/\/www.efaro.de\/de\/about-us\/\"},{\"@type\":\"ListItem\",\"position\":3,\"name\":\"Spezialisiertes Team\"}]},{\"@type\":\"WebSite\",\"@id\":\"https:\/\/www.efaro.de\/de\/#website\",\"url\":\"https:\/\/www.efaro.de\/de\/\",\"name\":\"EFARO industrial software developing\",\"description\":\"Advanced PLC and HMI developing\",\"publisher\":{\"@id\":\"https:\/\/www.efaro.de\/de\/#organization\"},\"potentialAction\":[{\"@type\":\"SearchAction\",\"target\":{\"@type\":\"EntryPoint\",\"urlTemplate\":\"https:\/\/www.efaro.de\/de\/?s={search_term_string}\"},\"query-input\":{\"@type\":\"PropertyValueSpecification\",\"valueRequired\":true,\"valueName\":\"search_term_string\"}}],\"inLanguage\":\"de\"},{\"@type\":\"Organization\",\"@id\":\"https:\/\/www.efaro.de\/de\/#organization\",\"name\":\"EFARO\",\"url\":\"https:\/\/www.efaro.de\/de\/\",\"logo\":{\"@type\":\"ImageObject\",\"inLanguage\":\"de\",\"@id\":\"https:\/\/www.efaro.de\/de\/#\/schema\/logo\/image\/\",\"url\":\"https:\/\/www.efaro.de\/WordPress\/wp-content\/uploads\/2020\/02\/Logo_Long_BottomSmall.png\",\"contentUrl\":\"https:\/\/www.efaro.de\/WordPress\/wp-content\/uploads\/2020\/02\/Logo_Long_BottomSmall.png\",\"width\":300,\"height\":50,\"caption\":\"EFARO\"},\"image\":{\"@id\":\"https:\/\/www.efaro.de\/de\/#\/schema\/logo\/image\/\"}}]}<\/script>\n<!-- \/ Yoast SEO plugin. -->","yoast_head_json":{"title":"Spezialisiertes Team - EFARO industrial software developing","robots":{"index":"index","follow":"follow","max-snippet":"max-snippet:-1","max-image-preview":"max-image-preview:large","max-video-preview":"max-video-preview:-1"},"canonical":"https:\/\/www.efaro.de\/de\/about-us\/dedicated-team\/","og_locale":"de_DE","og_type":"article","og_title":"Spezialisiertes Team - EFARO industrial software developing","og_description":"[vc_row css_animation=&#8220;slideInUp&#8220;][vc_column][\/vc_column][\/vc_row]","og_url":"https:\/\/www.efaro.de\/de\/about-us\/dedicated-team\/","og_site_name":"EFARO industrial software developing","article_modified_time":"2020-03-18T15:53:37+00:00","twitter_card":"summary_large_image","schema":{"@context":"https:\/\/schema.org","@graph":[{"@type":"WebPage","@id":"https:\/\/www.efaro.de\/de\/about-us\/dedicated-team\/","url":"https:\/\/www.efaro.de\/de\/about-us\/dedicated-team\/","name":"Spezialisiertes Team - EFARO industrial software developing","isPartOf":{"@id":"https:\/\/www.efaro.de\/de\/#website"},"datePublished":"2020-03-18T15:53:36+00:00","dateModified":"2020-03-18T15:53:37+00:00","breadcrumb":{"@id":"https:\/\/www.efaro.de\/de\/about-us\/dedicated-team\/#breadcrumb"},"inLanguage":"de","potentialAction":[{"@type":"ReadAction","target":["https:\/\/www.efaro.de\/de\/about-us\/dedicated-team\/"]}]},{"@type":"BreadcrumbList","@id":"https:\/\/www.efaro.de\/de\/about-us\/dedicated-team\/#breadcrumb","itemListElement":[{"@type":"ListItem","position":1,"name":"Startseite","item":"https:\/\/www.efaro.de\/de\/"},{"@type":"ListItem","position":2,"name":"\u00dcber mich","item":"https:\/\/www.efaro.de\/de\/about-us\/"},{"@type":"ListItem","position":3,"name":"Spezialisiertes Team"}]},{"@type":"WebSite","@id":"https:\/\/www.efaro.de\/de\/#website","url":"https:\/\/www.efaro.de\/de\/","name":"EFARO industrial software developing","description":"Advanced PLC and HMI developing","publisher":{"@id":"https:\/\/www.efaro.de\/de\/#organization"},"potentialAction":[{"@type":"SearchAction","target":{"@type":"EntryPoint","urlTemplate":"https:\/\/www.efaro.de\/de\/?s={search_term_string}"},"query-input":{"@type":"PropertyValueSpecification","valueRequired":true,"valueName":"search_term_string"}}],"inLanguage":"de"},{"@type":"Organization","@id":"https:\/\/www.efaro.de\/de\/#organization","name":"EFARO","url":"https:\/\/www.efaro.de\/de\/","logo":{"@type":"ImageObject","inLanguage":"de","@id":"https:\/\/www.efaro.de\/de\/#\/schema\/logo\/image\/","url":"https:\/\/www.efaro.de\/WordPress\/wp-content\/uploads\/2020\/02\/Logo_Long_BottomSmall.png","contentUrl":"https:\/\/www.efaro.de\/WordPress\/wp-content\/uploads\/2020\/02\/Logo_Long_BottomSmall.png","width":300,"height":50,"caption":"EFARO"},"image":{"@id":"https:\/\/www.efaro.de\/de\/#\/schema\/logo\/image\/"}}]}},"_links":{"self":[{"href":"https:\/\/www.efaro.de\/de\/wp-json\/wp\/v2\/pages\/3083","targetHints":{"allow":["GET"]}}],"collection":[{"href":"https:\/\/www.efaro.de\/de\/wp-json\/wp\/v2\/pages"}],"about":[{"href":"https:\/\/www.efaro.de\/de\/wp-json\/wp\/v2\/types\/page"}],"author":[{"embeddable":true,"href":"https:\/\/www.efaro.de\/de\/wp-json\/wp\/v2\/users\/1"}],"replies":[{"embeddable":true,"href":"https:\/\/www.efaro.de\/de\/wp-json\/wp\/v2\/comments?post=3083"}],"version-history":[{"count":1,"href":"https:\/\/www.efaro.de\/de\/wp-json\/wp\/v2\/pages\/3083\/revisions"}],"predecessor-version":[{"id":3084,"href":"https:\/\/www.efaro.de\/de\/wp-json\/wp\/v2\/pages\/3083\/revisions\/3084"}],"up":[{"embeddable":true,"href":"https:\/\/www.efaro.de\/de\/wp-json\/wp\/v2\/pages\/3081"}],"wp:attachment":[{"href":"https:\/\/www.efaro.de\/de\/wp-json\/wp\/v2\/media?parent=3083"}],"curies":[{"name":"wp","href":"https:\/\/api.w.org\/{rel}","templated":true}]}}