{"id":3085,"date":"2020-03-18T16:53:37","date_gmt":"2020-03-18T15:53:37","guid":{"rendered":"https:\/\/www.efaro.de\/technologien\/"},"modified":"2020-04-03T10:21:53","modified_gmt":"2020-04-03T08:21:53","slug":"technologien","status":"publish","type":"page","link":"https:\/\/www.efaro.de\/de\/technologien\/","title":{"rendered":"Technologien"},"content":{"rendered":"<div class=\"wpb-content-wrapper\"><p>[vc_row][vc_column]<div id=\"ultimate-heading-821569f9e93035b8a\" class=\"uvc-heading ult-adjust-bottom-margin ultimate-heading-821569f9e93035b8a uvc-4701 accent-border-color\" data-hspacer=\"line_only\"  data-halign=\"center\" style=\"text-align:center\"><div class=\"uvc-main-heading ult-responsive\"  data-ultimate-target='.uvc-heading.ultimate-heading-821569f9e93035b8a h2'  data-responsive-json-new='{\"font-size\":\"desktop:44px;tablet_portrait:30px;\",\"line-height\":\"desktop:54px;tablet_portrait:40px;\"}' ><h2 style=\"font-weight:bold;margin-bottom:10px;\">Wie wir Ihre Herausforderung annehmen<\/h2><\/div><div class=\"uvc-heading-spacer line_only\" style=\"margin-bottom:40px;height:5px;\"><span class=\"uvc-headings-line\" style=\"border-style:solid;border-bottom-width:5px;border-color:;width:120px;\"><\/span><\/div><div class=\"uvc-sub-heading ult-responsive\"  data-ultimate-target='.uvc-heading.ultimate-heading-821569f9e93035b8a .uvc-sub-heading '  data-responsive-json-new='{\"font-size\":\"desktop:22px;\",\"line-height\":\"desktop:32px;mobile_landscape:26px;\"}'  style=\"font-style:italic;font-weight:normal;color:#333333;margin-bottom:70px;\">Der Clou besteht darin, die richtigen Technologien auszuw\u00e4hlen und zu kombinieren. Mit anderen Worten: Sie werden die beste L\u00f6sung erhalten.<\/div><\/div>[vc_row_inner css=&#8220;.vc_custom_1583422625952{padding-top: 50px !important;}&#8220;][vc_column_inner width=&#8220;1\/4&#8243;]<div class=\"aio-icon-component   accent-icon-bg style_2\"><a class=\"aio-icon-box-link\" href=\"https:\/\/www.efaro.de\/technologies\/agiledeveloping\/\" title=\"agile software developing\" ><div id=\"Info-box-wrap-2542\" class=\"aio-icon-box top-icon\" style=\"\"  ><div class=\"aio-icon-top\"><div class=\"ult-just-icon-wrapper  \"><div class=\"align-icon\" style=\"text-align:center;\">\n<div class=\"aio-icon-img \" style=\"font-size:64px;background:#ffffff;display:inline-block;\" >\n\t<img decoding=\"async\" class=\"img-icon\" alt=\"null\" src=\"https:\/\/www.efaro.de\/WordPress\/wp-content\/uploads\/2020\/02\/octicons_f0376_64.png\"\/>\n<\/div><\/div><\/div><\/div><div class=\"aio-icon-header\" ><h3 class=\"aio-icon-title ult-responsive\"  data-ultimate-target='#Info-box-wrap-2542 .aio-icon-title'  data-responsive-json-new='{\"font-size\":\"desktop:22px;\",\"line-height\":\"desktop:32px;\"}'  style=\"\">Agile Software-Entwicklung<\/h3><\/div> <!-- header --><\/div> <!-- aio-icon-box --><\/a><\/div> <!-- aio-icon-component -->[\/vc_column_inner][vc_column_inner width=&#8220;1\/4&#8243;]<div class=\"aio-icon-component   accent-icon-bg style_2\"><a class=\"aio-icon-box-link\" href=\"https:\/\/www.efaro.de\/technologies\/unitizised\/\" title=\"unitilized software development\" ><div id=\"Info-box-wrap-3701\" class=\"aio-icon-box top-icon\" style=\"\"  ><div class=\"aio-icon-top\"><div class=\"ult-just-icon-wrapper  \"><div class=\"align-icon\" style=\"text-align:center;\">\n<div class=\"aio-icon-img \" style=\"font-size:64px;background:#ffffff;display:inline-block;\" >\n\t<img decoding=\"async\" class=\"img-icon\" alt=\"null\" src=\"https:\/\/www.efaro.de\/WordPress\/wp-content\/uploads\/2020\/02\/octicons_f0c03_64.png\"\/>\n<\/div><\/div><\/div><\/div><div class=\"aio-icon-header\" ><h3 class=\"aio-icon-title ult-responsive\"  data-ultimate-target='#Info-box-wrap-3701 .aio-icon-title'  data-responsive-json-new='{\"font-size\":\"desktop:22px;\",\"line-height\":\"desktop:32px;\"}'  style=\"\">Modulare Software<\/h3><\/div> <!-- header --><\/div> <!-- aio-icon-box --><\/a><\/div> <!-- aio-icon-component -->[\/vc_column_inner][vc_column_inner width=&#8220;1\/4&#8243;]<div class=\"aio-icon-component   accent-icon-bg style_2\"><a class=\"aio-icon-box-link\" href=\"https:\/\/www.efaro.de\/technologies\/industriadesign\/\" title=\"Industrial HMI Design\" ><div id=\"Info-box-wrap-6931\" class=\"aio-icon-box top-icon\" style=\"\"  ><div class=\"aio-icon-top\"><div class=\"ult-just-icon-wrapper  \"><div class=\"align-icon\" style=\"text-align:center;\">\n<div class=\"aio-icon-img \" style=\"font-size:64px;background:#ffffff;display:inline-block;\" >\n\t<img decoding=\"async\" class=\"img-icon\" alt=\"null\" src=\"https:\/\/www.efaro.de\/WordPress\/wp-content\/uploads\/2020\/02\/octicons_f07d4_64.png\"\/>\n<\/div><\/div><\/div><\/div><div class=\"aio-icon-header\" ><h3 class=\"aio-icon-title ult-responsive\"  data-ultimate-target='#Info-box-wrap-6931 .aio-icon-title'  data-responsive-json-new='{\"font-size\":\"desktop:22px;\",\"line-height\":\"desktop:32px;\"}'  style=\"\">Industrielles HMI-Design<\/h3><\/div> <!-- header --><\/div> <!-- aio-icon-box --><\/a><\/div> <!-- aio-icon-component -->[\/vc_column_inner][vc_column_inner width=&#8220;1\/4&#8243;]<div class=\"aio-icon-component   accent-icon-bg style_2\"><a class=\"aio-icon-box-link\" href=\"https:\/\/www.efaro.de\/technologies\/embedded-plc-programming\/\" title=\"Embedded PLC programming\" ><div id=\"Info-box-wrap-1799\" class=\"aio-icon-box top-icon\" style=\"\"  ><div class=\"aio-icon-top\"><div class=\"ult-just-icon-wrapper  \"><div class=\"align-icon\" style=\"text-align:center;\">\n<div class=\"aio-icon-img \" style=\"font-size:64px;background:#ffffff;display:inline-block;\" >\n\t<img decoding=\"async\" class=\"img-icon\" alt=\"null\" src=\"https:\/\/www.efaro.de\/WordPress\/wp-content\/uploads\/2020\/02\/FontAwesome_f0857_64.png\"\/>\n<\/div><\/div><\/div><\/div><div class=\"aio-icon-header\" ><h3 class=\"aio-icon-title ult-responsive\"  data-ultimate-target='#Info-box-wrap-1799 .aio-icon-title'  data-responsive-json-new='{\"font-size\":\"desktop:22px;\",\"line-height\":\"desktop:32px;\"}'  style=\"\">SPS-Softwareentwicklung<\/h3><\/div> <!-- header --><\/div> <!-- aio-icon-box --><\/a><\/div> <!-- aio-icon-component -->[\/vc_column_inner][\/vc_row_inner][\/vc_column][\/vc_row]<\/p>\n<\/div>","protected":false},"excerpt":{"rendered":"<p>[vc_row][vc_column][vc_row_inner css=&#8220;.vc_custom_1583422625952{padding-top: 50px !important;}&#8220;][vc_column_inner width=&#8220;1\/4&#8243;][\/vc_column_inner][vc_column_inner width=&#8220;1\/4&#8243;][\/vc_column_inner][vc_column_inner width=&#8220;1\/4&#8243;][\/vc_column_inner][vc_column_inner width=&#8220;1\/4&#8243;][\/vc_column_inner][\/vc_row_inner][\/vc_column][\/vc_row]<\/p>\n","protected":false},"author":1,"featured_media":0,"parent":0,"menu_order":25,"comment_status":"closed","ping_status":"closed","template":"","meta":{"footnotes":""},"class_list":["post-3085","page","type-page","status-publish","hentry","description-off"],"yoast_head":"<!-- This site is optimized with the Yoast SEO plugin v25.5 - https:\/\/yoast.com\/wordpress\/plugins\/seo\/ -->\n<title>Technologien - EFARO industrial software developing<\/title>\n<meta name=\"description\" content=\"Unsere M\u00f6glichkeiten, Ihre Herausforderung in der Softwareentwicklung f\u00fcr industrielle L\u00f6sungen anzunehmen.\" \/>\n<meta name=\"robots\" content=\"index, follow, max-snippet:-1, max-image-preview:large, max-video-preview:-1\" \/>\n<link rel=\"canonical\" href=\"https:\/\/www.efaro.de\/de\/technologien\/\" \/>\n<meta property=\"og:locale\" content=\"de_DE\" \/>\n<meta property=\"og:type\" content=\"article\" \/>\n<meta property=\"og:title\" content=\"Technologien - EFARO industrial software developing\" \/>\n<meta property=\"og:description\" content=\"Unsere M\u00f6glichkeiten, Ihre Herausforderung in der Softwareentwicklung f\u00fcr industrielle L\u00f6sungen anzunehmen.\" \/>\n<meta property=\"og:url\" content=\"https:\/\/www.efaro.de\/de\/technologien\/\" \/>\n<meta property=\"og:site_name\" content=\"EFARO industrial software developing\" \/>\n<meta property=\"article:modified_time\" content=\"2020-04-03T08:21:53+00:00\" \/>\n<meta name=\"twitter:card\" content=\"summary_large_image\" \/>\n<meta name=\"twitter:label1\" content=\"Gesch\u00e4tzte Lesezeit\" \/>\n\t<meta name=\"twitter:data1\" content=\"2\u00a0Minuten\" \/>\n<script type=\"application\/ld+json\" class=\"yoast-schema-graph\">{\"@context\":\"https:\/\/schema.org\",\"@graph\":[{\"@type\":\"WebPage\",\"@id\":\"https:\/\/www.efaro.de\/de\/technologien\/\",\"url\":\"https:\/\/www.efaro.de\/de\/technologien\/\",\"name\":\"Technologien - EFARO industrial software developing\",\"isPartOf\":{\"@id\":\"https:\/\/www.efaro.de\/de\/#website\"},\"datePublished\":\"2020-03-18T15:53:37+00:00\",\"dateModified\":\"2020-04-03T08:21:53+00:00\",\"description\":\"Unsere M\u00f6glichkeiten, Ihre Herausforderung in der Softwareentwicklung f\u00fcr industrielle L\u00f6sungen anzunehmen.\",\"breadcrumb\":{\"@id\":\"https:\/\/www.efaro.de\/de\/technologien\/#breadcrumb\"},\"inLanguage\":\"de\",\"potentialAction\":[{\"@type\":\"ReadAction\",\"target\":[\"https:\/\/www.efaro.de\/de\/technologien\/\"]}]},{\"@type\":\"BreadcrumbList\",\"@id\":\"https:\/\/www.efaro.de\/de\/technologien\/#breadcrumb\",\"itemListElement\":[{\"@type\":\"ListItem\",\"position\":1,\"name\":\"Startseite\",\"item\":\"https:\/\/www.efaro.de\/de\/\"},{\"@type\":\"ListItem\",\"position\":2,\"name\":\"Technologien\"}]},{\"@type\":\"WebSite\",\"@id\":\"https:\/\/www.efaro.de\/de\/#website\",\"url\":\"https:\/\/www.efaro.de\/de\/\",\"name\":\"EFARO industrial software developing\",\"description\":\"Advanced PLC and HMI developing\",\"publisher\":{\"@id\":\"https:\/\/www.efaro.de\/de\/#organization\"},\"potentialAction\":[{\"@type\":\"SearchAction\",\"target\":{\"@type\":\"EntryPoint\",\"urlTemplate\":\"https:\/\/www.efaro.de\/de\/?s={search_term_string}\"},\"query-input\":{\"@type\":\"PropertyValueSpecification\",\"valueRequired\":true,\"valueName\":\"search_term_string\"}}],\"inLanguage\":\"de\"},{\"@type\":\"Organization\",\"@id\":\"https:\/\/www.efaro.de\/de\/#organization\",\"name\":\"EFARO\",\"url\":\"https:\/\/www.efaro.de\/de\/\",\"logo\":{\"@type\":\"ImageObject\",\"inLanguage\":\"de\",\"@id\":\"https:\/\/www.efaro.de\/de\/#\/schema\/logo\/image\/\",\"url\":\"https:\/\/www.efaro.de\/WordPress\/wp-content\/uploads\/2020\/02\/Logo_Long_BottomSmall.png\",\"contentUrl\":\"https:\/\/www.efaro.de\/WordPress\/wp-content\/uploads\/2020\/02\/Logo_Long_BottomSmall.png\",\"width\":300,\"height\":50,\"caption\":\"EFARO\"},\"image\":{\"@id\":\"https:\/\/www.efaro.de\/de\/#\/schema\/logo\/image\/\"}}]}<\/script>\n<!-- \/ Yoast SEO plugin. -->","yoast_head_json":{"title":"Technologien - EFARO industrial software developing","description":"Unsere M\u00f6glichkeiten, Ihre Herausforderung in der Softwareentwicklung f\u00fcr industrielle L\u00f6sungen anzunehmen.","robots":{"index":"index","follow":"follow","max-snippet":"max-snippet:-1","max-image-preview":"max-image-preview:large","max-video-preview":"max-video-preview:-1"},"canonical":"https:\/\/www.efaro.de\/de\/technologien\/","og_locale":"de_DE","og_type":"article","og_title":"Technologien - EFARO industrial software developing","og_description":"Unsere M\u00f6glichkeiten, Ihre Herausforderung in der Softwareentwicklung f\u00fcr industrielle L\u00f6sungen anzunehmen.","og_url":"https:\/\/www.efaro.de\/de\/technologien\/","og_site_name":"EFARO industrial software developing","article_modified_time":"2020-04-03T08:21:53+00:00","twitter_card":"summary_large_image","twitter_misc":{"Gesch\u00e4tzte Lesezeit":"2\u00a0Minuten"},"schema":{"@context":"https:\/\/schema.org","@graph":[{"@type":"WebPage","@id":"https:\/\/www.efaro.de\/de\/technologien\/","url":"https:\/\/www.efaro.de\/de\/technologien\/","name":"Technologien - EFARO industrial software developing","isPartOf":{"@id":"https:\/\/www.efaro.de\/de\/#website"},"datePublished":"2020-03-18T15:53:37+00:00","dateModified":"2020-04-03T08:21:53+00:00","description":"Unsere M\u00f6glichkeiten, Ihre Herausforderung in der Softwareentwicklung f\u00fcr industrielle L\u00f6sungen anzunehmen.","breadcrumb":{"@id":"https:\/\/www.efaro.de\/de\/technologien\/#breadcrumb"},"inLanguage":"de","potentialAction":[{"@type":"ReadAction","target":["https:\/\/www.efaro.de\/de\/technologien\/"]}]},{"@type":"BreadcrumbList","@id":"https:\/\/www.efaro.de\/de\/technologien\/#breadcrumb","itemListElement":[{"@type":"ListItem","position":1,"name":"Startseite","item":"https:\/\/www.efaro.de\/de\/"},{"@type":"ListItem","position":2,"name":"Technologien"}]},{"@type":"WebSite","@id":"https:\/\/www.efaro.de\/de\/#website","url":"https:\/\/www.efaro.de\/de\/","name":"EFARO industrial software developing","description":"Advanced PLC and HMI developing","publisher":{"@id":"https:\/\/www.efaro.de\/de\/#organization"},"potentialAction":[{"@type":"SearchAction","target":{"@type":"EntryPoint","urlTemplate":"https:\/\/www.efaro.de\/de\/?s={search_term_string}"},"query-input":{"@type":"PropertyValueSpecification","valueRequired":true,"valueName":"search_term_string"}}],"inLanguage":"de"},{"@type":"Organization","@id":"https:\/\/www.efaro.de\/de\/#organization","name":"EFARO","url":"https:\/\/www.efaro.de\/de\/","logo":{"@type":"ImageObject","inLanguage":"de","@id":"https:\/\/www.efaro.de\/de\/#\/schema\/logo\/image\/","url":"https:\/\/www.efaro.de\/WordPress\/wp-content\/uploads\/2020\/02\/Logo_Long_BottomSmall.png","contentUrl":"https:\/\/www.efaro.de\/WordPress\/wp-content\/uploads\/2020\/02\/Logo_Long_BottomSmall.png","width":300,"height":50,"caption":"EFARO"},"image":{"@id":"https:\/\/www.efaro.de\/de\/#\/schema\/logo\/image\/"}}]}},"_links":{"self":[{"href":"https:\/\/www.efaro.de\/de\/wp-json\/wp\/v2\/pages\/3085","targetHints":{"allow":["GET"]}}],"collection":[{"href":"https:\/\/www.efaro.de\/de\/wp-json\/wp\/v2\/pages"}],"about":[{"href":"https:\/\/www.efaro.de\/de\/wp-json\/wp\/v2\/types\/page"}],"author":[{"embeddable":true,"href":"https:\/\/www.efaro.de\/de\/wp-json\/wp\/v2\/users\/1"}],"replies":[{"embeddable":true,"href":"https:\/\/www.efaro.de\/de\/wp-json\/wp\/v2\/comments?post=3085"}],"version-history":[{"count":2,"href":"https:\/\/www.efaro.de\/de\/wp-json\/wp\/v2\/pages\/3085\/revisions"}],"predecessor-version":[{"id":3198,"href":"https:\/\/www.efaro.de\/de\/wp-json\/wp\/v2\/pages\/3085\/revisions\/3198"}],"wp:attachment":[{"href":"https:\/\/www.efaro.de\/de\/wp-json\/wp\/v2\/media?parent=3085"}],"curies":[{"name":"wp","href":"https:\/\/api.w.org\/{rel}","templated":true}]}}