{"id":3087,"date":"2020-03-18T17:38:14","date_gmt":"2020-03-18T16:38:14","guid":{"rendered":"https:\/\/www.efaro.de\/technologien\/agiledeveloping\/"},"modified":"2020-04-03T11:09:39","modified_gmt":"2020-04-03T09:09:39","slug":"agiledeveloping","status":"publish","type":"page","link":"https:\/\/www.efaro.de\/de\/technologien\/agiledeveloping\/","title":{"rendered":"Agile Softwareentwicklung"},"content":{"rendered":"<div class=\"wpb-content-wrapper\"><p>[vc_row equal_height=&#8220;yes&#8220; content_placement=&#8220;middle&#8220; type=&#8220;vc_default&#8220; margin_top=&#8220;5&#8243; margin_bottom=&#8220;10&#8243; css=&#8220;.vc_custom_1491748274178{padding-top: 70px !important;padding-bottom: 30px !important;}&#8220;][vc_column offset=&#8220;vc_col-lg-offset-2 vc_col-lg-8 vc_col-md-offset-1 vc_col-md-10&#8243;]<div id=\"ultimate-heading-814769f9eadbcf8f3\" class=\"uvc-heading ult-adjust-bottom-margin ultimate-heading-814769f9eadbcf8f3 uvc-994 accent-border-color\" data-hspacer=\"line_only\"  data-halign=\"center\" style=\"text-align:center\"><div class=\"uvc-main-heading ult-responsive\"  data-ultimate-target='.uvc-heading.ultimate-heading-814769f9eadbcf8f3 h2'  data-responsive-json-new='{\"font-size\":\"desktop:44px;tablet_portrait:30px;\",\"line-height\":\"desktop:54px;tablet_portrait:40px;\"}' ><h2 style=\"font-weight:bold;margin-bottom:10px;\">Software ist eine Teamarbeit zwischen Anwendern und Entwicklern<\/h2><\/div><div class=\"uvc-heading-spacer line_only\" style=\"margin-bottom:40px;height:5px;\"><span class=\"uvc-headings-line\" style=\"border-style:solid;border-bottom-width:5px;border-color:;width:120px;\"><\/span><\/div><div class=\"uvc-sub-heading ult-responsive\"  data-ultimate-target='.uvc-heading.ultimate-heading-814769f9eadbcf8f3 .uvc-sub-heading '  data-responsive-json-new='{\"font-size\":\"desktop:22px;mobile_landscape:16px;\",\"line-height\":\"desktop:32px;mobile_landscape:26px;\"}'  style=\"font-style:italic;font-weight:normal;color:#333333;margin-bottom:70px;\">Wenn wir Anwendungen entwickeln, sollten sie unserer Meinung nach sch\u00f6n, funktionell, einfach zu bedienen und reaktionsschnell sein.<\/div><\/div>[\/vc_column][vc_column][vc_row_inner equal_height=&#8220;yes&#8220; content_placement=&#8220;middle&#8220;][vc_column_inner width=&#8220;1\/2&#8243; css=&#8220;.vc_custom_1491746388981{padding-bottom: 50px !important;}&#8220;]<style type=\"text\/css\" data-type=\"the7_shortcodes-inline-css\">.shortcode-single-image-wrap.shortcode-single-image-15f4348319a8e952696079a194e5245b.enable-bg-rollover .rollover i,\n.shortcode-single-image-wrap.shortcode-single-image-15f4348319a8e952696079a194e5245b.enable-bg-rollover .rollover-video i {\n  background: -webkit-linear-gradient();\n  background: linear-gradient();\n}\n.shortcode-single-image-wrap.shortcode-single-image-15f4348319a8e952696079a194e5245b .rollover-icon {\n  font-size: 32px;\n  color: #ffffff;\n  min-width: 44px;\n  min-height: 44px;\n  line-height: 44px;\n  border-radius: 100px;\n  border-style: solid;\n  border-width: 0px;\n}\n.dt-icon-bg-on.shortcode-single-image-wrap.shortcode-single-image-15f4348319a8e952696079a194e5245b .rollover-icon {\n  background: rgba(255,255,255,0.3);\n  box-shadow: none;\n}\n<\/style><div class=\"shortcode-single-image-wrap shortcode-single-image-15f4348319a8e952696079a194e5245b alignnone  enable-bg-rollover dt-icon-bg-off\" style=\"margin-top:0px; margin-bottom:0px; margin-left:0px; margin-right:0px; width:1000px;\"><div class=\"shortcode-single-image\"><div class=\"fancy-media-wrap  layzr-bg\" style=\"\"><img fetchpriority=\"high\" decoding=\"async\" class=\"preload-me lazy-load aspect\" src=\"data:image\/svg+xml,%3Csvg%20xmlns%3D&#39;http%3A%2F%2Fwww.w3.org%2F2000%2Fsvg&#39;%20viewBox%3D&#39;0%200%201000%20700&#39;%2F%3E\" data-src=\"https:\/\/www.efaro.de\/WordPress\/wp-content\/uploads\/2018\/06\/trade06-1000x700.jpg\" data-srcset=\"https:\/\/www.efaro.de\/WordPress\/wp-content\/uploads\/2018\/06\/trade06-1000x700.jpg 1000w, https:\/\/www.efaro.de\/WordPress\/wp-content\/uploads\/2018\/06\/trade06-1428x1000.jpg 1428w\" loading=\"eager\" sizes=\"(max-width: 1000px) 100vw, 1000px\" width=\"1000\" height=\"700\"  data-dt-location=\"https:\/\/www.efaro.de\/de\/about-us\/trade06\/\" style=\"--ratio: 1000 \/ 700;\" alt=\"\" \/><\/div><\/div><\/div>[\/vc_column_inner][vc_column_inner width=&#8220;1\/2&#8243; css=&#8220;.vc_custom_1491746397816{padding-bottom: 50px !important;}&#8220;][vc_column_text css=&#8220;.vc_custom_1584549536439{padding-bottom: 20px !important;}&#8220;]Die Software ist fertig und spricht die Sprache des Entwicklers. Ein schreckliches Szenario. Zum Gl\u00fcck kommt das nicht so oft vor. Aber nicht wenige Anwender kennen dieses Gef\u00fchl. Warum?<\/p>\n<p>Wir m\u00fcssen hier zwei Gruppen unterscheiden: Der Entwickler und der Benutzer. Die erste Gruppe befindet sich hinter der Scheibe und die andere davor.<\/p>\n<p>Die Entwickler verstehen zwar den Computer und den Prozess, aber der Anwender ben\u00f6tigt lediglich einen entlastenden Workflow. Wie k\u00f6nnen wir alle zusammenbringen? Wir m\u00fcssen reden, nicht erst, wenn die Software fertig ist. Vielleicht ist es dann ein wenig sp\u00e4t. Wir m\u00fcssen reden, wenn das Projekt beginnt, wenn es sich entwickelt und wenn die ersten Ergebnisse getestet werden.<\/p>\n<p>\u00dcber das Testen. Meine Empfehlung ist, dass ein Entwickler den Benutzer genau beobachten sollte, was er tut und wonach er sucht. Warum findet er den Schalter nicht? Und dann sollte der Entwickler die Software anpassen, um die Benutzerfreundlichkeit zu verbessern.[\/vc_column_text][\/vc_column_inner][\/vc_row_inner][\/vc_column][\/vc_row][vc_row equal_height=&#8220;yes&#8220; content_placement=&#8220;middle&#8220; bg_type=&#8220;bg_color&#8220; bg_override=&#8220;ex-full&#8220; type=&#8220;vc_default&#8220; margin_top=&#8220;5&#8243; margin_bottom=&#8220;10&#8243; css=&#8220;.vc_custom_1529505500226{padding-top: 70px !important;padding-bottom: 30px !important;}&#8220; bg_color_value=&#8220;rgba(170,170,170,0.1)&#8220;][vc_column][vc_row_inner equal_height=&#8220;yes&#8220; content_placement=&#8220;middle&#8220;][vc_column_inner width=&#8220;1\/2&#8243; css=&#8220;.vc_custom_1491746397816{padding-bottom: 50px !important;}&#8220;]<div id=\"ultimate-heading-402069f9eadbd115c\" class=\"uvc-heading ult-adjust-bottom-margin ultimate-heading-402069f9eadbd115c uvc-6628 accent-border-color\" data-hspacer=\"line_only\"  data-halign=\"left\" style=\"text-align:left\"><div class=\"uvc-main-heading ult-responsive\"  data-ultimate-target='.uvc-heading.ultimate-heading-402069f9eadbd115c h2'  data-responsive-json-new='{\"font-size\":\"desktop:30px;\",\"line-height\":\"desktop:40px;\"}' ><h2 style=\"font-weight:bold;margin-bottom:5px;\">Technologie und Anwendung<\/h2><\/div><div class=\"uvc-heading-spacer line_only\" style=\"margin-bottom:40px;height:3px;\"><span class=\"uvc-headings-line\" style=\"border-style:solid;border-bottom-width:3px;border-color:;width:80px;\"><\/span><\/div><\/div>[vc_column_text]<span style=\"color: #333333;\"><strong>PLC:<\/strong><\/span><br \/>\nBeckhoff TwinCAT 2 and 3 (Our Recommend)<br \/>\nSiemens S5, S7, TIA-Portal<br \/>\nCodeSYS V2 and V3<\/p>\n<p><span style=\"color: #333333;\"><strong>HMI:<\/strong><\/span><br \/>\nvb.net (Our Recommend)<br \/>\nWinCC + WinCC flexible, Advanced (TIA), Professional (TIA)<br \/>\nTarget HMI (Beckhoff)<\/p>\n<p><span style=\"color: #333333;\"><strong>Database:<\/strong><\/span><br \/>\nSQL Server<\/p>\n<p><span style=\"color: #333333;\"><strong>Branche:<\/strong><\/span><br \/>\nLuft- und Raumfahrt<br \/>\nForschung und Entwicklung<br \/>\nAutomotive<br \/>\nMaschinenbau[\/vc_column_text][\/vc_column_inner][vc_column_inner width=&#8220;1\/2&#8243; css=&#8220;.vc_custom_1491746388981{padding-bottom: 50px !important;}&#8220;]<style type=\"text\/css\" data-type=\"the7_shortcodes-inline-css\">.shortcode-single-image-wrap.shortcode-single-image-ceaa5eb21675e6739d15bf702ac9d0b8.enable-bg-rollover .rollover i,\n.shortcode-single-image-wrap.shortcode-single-image-ceaa5eb21675e6739d15bf702ac9d0b8.enable-bg-rollover .rollover-video i {\n  background: -webkit-linear-gradient();\n  background: linear-gradient();\n}\n.shortcode-single-image-wrap.shortcode-single-image-ceaa5eb21675e6739d15bf702ac9d0b8 .rollover-icon {\n  font-size: 32px;\n  color: #ffffff;\n  min-width: 44px;\n  min-height: 44px;\n  line-height: 44px;\n  border-radius: 100px;\n  border-style: solid;\n  border-width: 0px;\n}\n.dt-icon-bg-on.shortcode-single-image-wrap.shortcode-single-image-ceaa5eb21675e6739d15bf702ac9d0b8 .rollover-icon {\n  background: rgba(255,255,255,0.3);\n  box-shadow: none;\n}\n<\/style><div class=\"shortcode-single-image-wrap shortcode-single-image-ceaa5eb21675e6739d15bf702ac9d0b8 alignnone  enable-bg-rollover dt-icon-bg-off\" style=\"margin-top:0px; margin-bottom:0px; margin-left:0px; margin-right:0px; width:1000px;\"><div class=\"shortcode-single-image\"><div class=\"fancy-media-wrap  layzr-bg\" style=\"\"><img decoding=\"async\" class=\"preload-me lazy-load aspect\" src=\"data:image\/svg+xml,%3Csvg%20xmlns%3D&#39;http%3A%2F%2Fwww.w3.org%2F2000%2Fsvg&#39;%20viewBox%3D&#39;0%200%201000%20700&#39;%2F%3E\" data-src=\"https:\/\/www.efaro.de\/WordPress\/wp-content\/uploads\/2018\/06\/trade09-1000x700.jpg\" data-srcset=\"https:\/\/www.efaro.de\/WordPress\/wp-content\/uploads\/2018\/06\/trade09-1000x700.jpg 1000w, https:\/\/www.efaro.de\/WordPress\/wp-content\/uploads\/2018\/06\/trade09-1428x1000.jpg 1428w\" loading=\"eager\" sizes=\"(max-width: 1000px) 100vw, 1000px\" width=\"1000\" height=\"700\"  data-dt-location=\"https:\/\/www.efaro.de\/de\/about-us\/trade09\/\" style=\"--ratio: 1000 \/ 700;\" alt=\"\" \/><\/div><\/div><\/div>[\/vc_column_inner][\/vc_row_inner][\/vc_column][\/vc_row][vc_row equal_height=&#8220;yes&#8220; content_placement=&#8220;middle&#8220; bg_type=&#8220;bg_color&#8220; bg_override=&#8220;ex-full&#8220; type=&#8220;vc_default&#8220; margin_top=&#8220;5&#8243; margin_bottom=&#8220;10&#8243; css=&#8220;.vc_custom_1529505500226{padding-top: 70px !important;padding-bottom: 30px !important;}&#8220; bg_color_value=&#8220;rgba(170,170,170,0.1)&#8220;][vc_column][vc_row_inner equal_height=&#8220;yes&#8220; content_placement=&#8220;middle&#8220;][vc_column_inner css=&#8220;.vc_custom_1491746397816{padding-bottom: 50px !important;}&#8220;]<div id=\"ultimate-heading-817569f9eadbd23de\" class=\"uvc-heading ult-adjust-bottom-margin ultimate-heading-817569f9eadbd23de uvc-8282 accent-border-color\" data-hspacer=\"line_only\"  data-halign=\"center\" style=\"text-align:center\"><div class=\"uvc-main-heading ult-responsive\"  data-ultimate-target='.uvc-heading.ultimate-heading-817569f9eadbd23de h2'  data-responsive-json-new='{\"font-size\":\"desktop:30px;\",\"line-height\":\"desktop:40px;\"}' ><h2 style=\"font-weight:bold;margin-bottom:5px;\">Ein Nerd kann funktionierende Software erstellen, aber der Benutzer muss mit dem Ergebnis leben.<\/h2><\/div><div class=\"uvc-heading-spacer line_only\" style=\"margin-bottom:50px;height:3px;\"><span class=\"uvc-headings-line\" style=\"border-style:solid;border-bottom-width:3px;border-color:;width:80px;\"><\/span><\/div><\/div>[\/vc_column_inner][\/vc_row_inner][\/vc_column][\/vc_row][vc_row equal_height=&#8220;yes&#8220; content_placement=&#8220;middle&#8220; bg_type=&#8220;bg_color&#8220; bg_override=&#8220;ex-full&#8220; type=&#8220;vc_default&#8220; margin_top=&#8220;5&#8243; margin_bottom=&#8220;10&#8243; css=&#8220;.vc_custom_1529516508136{padding-top: 70px !important;padding-bottom: 20px !important;}&#8220; bg_color_value=&#8220;rgba(170,170,170,0.1)&#8220;][vc_column][vc_row_inner equal_height=&#8220;yes&#8220; content_placement=&#8220;middle&#8220;][vc_column_inner width=&#8220;1\/2&#8243; css=&#8220;.vc_custom_1491746388981{padding-bottom: 50px !important;}&#8220;]<style type=\"text\/css\" data-type=\"the7_shortcodes-inline-css\">.shortcode-single-image-wrap.shortcode-single-image-2824c5488349b72b4daf16aa981a390b.enable-bg-rollover .rollover i,\n.shortcode-single-image-wrap.shortcode-single-image-2824c5488349b72b4daf16aa981a390b.enable-bg-rollover .rollover-video i {\n  background: -webkit-linear-gradient();\n  background: linear-gradient();\n}\n.shortcode-single-image-wrap.shortcode-single-image-2824c5488349b72b4daf16aa981a390b .rollover-icon {\n  font-size: 32px;\n  color: #ffffff;\n  min-width: 44px;\n  min-height: 44px;\n  line-height: 44px;\n  border-radius: 100px;\n  border-style: solid;\n  border-width: 0px;\n}\n.dt-icon-bg-on.shortcode-single-image-wrap.shortcode-single-image-2824c5488349b72b4daf16aa981a390b .rollover-icon {\n  background: rgba(255,255,255,0.3);\n  box-shadow: none;\n}\n<\/style><div class=\"shortcode-single-image-wrap shortcode-single-image-2824c5488349b72b4daf16aa981a390b alignnone  enable-bg-rollover dt-icon-bg-off\" style=\"margin-top:0px; margin-bottom:0px; margin-left:0px; margin-right:0px; width:1000px;\"><div class=\"shortcode-single-image\"><div class=\"fancy-media-wrap  layzr-bg\" style=\"\"><img decoding=\"async\" class=\"preload-me lazy-load aspect\" src=\"data:image\/svg+xml,%3Csvg%20xmlns%3D&#39;http%3A%2F%2Fwww.w3.org%2F2000%2Fsvg&#39;%20viewBox%3D&#39;0%200%201000%20700&#39;%2F%3E\" data-src=\"https:\/\/www.efaro.de\/WordPress\/wp-content\/uploads\/2018\/06\/trade03-1000x700.jpg\" data-srcset=\"https:\/\/www.efaro.de\/WordPress\/wp-content\/uploads\/2018\/06\/trade03-1000x700.jpg 1000w, https:\/\/www.efaro.de\/WordPress\/wp-content\/uploads\/2018\/06\/trade03-1428x1000.jpg 1428w\" loading=\"eager\" sizes=\"(max-width: 1000px) 100vw, 1000px\" width=\"1000\" height=\"700\"  data-dt-location=\"https:\/\/www.efaro.de\/de\/about-us\/trade03\/\" style=\"--ratio: 1000 \/ 700;\" alt=\"\" \/><\/div><\/div><\/div>[\/vc_column_inner][vc_column_inner width=&#8220;1\/2&#8243; css=&#8220;.vc_custom_1491746397816{padding-bottom: 50px !important;}&#8220;][vc_column_text]Software genau f\u00fcr Ihre Idee? Lassen Sie uns dar\u00fcber sprechen. Eine von mehreren Seiten beleuchtete Idee enth\u00fcllt neue Details.<\/p>\n<p><strong><span style=\"color: #333333;\">Sind Sie bereit, ein Projekt nicht nur zu starten, sondern es aktiv mit uns zu entwickeln.<\/span><\/strong><\/p>\n<p>Bitte nehmen Sie Kontakt auf, geben Sie uns Ideen und ein Ziel. Wir werden den Weg gemeinsam mit Ihnen gehen.[\/vc_column_text]<style type=\"text\/css\" data-type=\"the7_shortcodes-inline-css\">#default-btn-1c836538d3efc22f486e2fbbd1fcf40d.ico-right-side > i {\n  margin-right: 0px;\n  margin-left: 8px;\n}\n#default-btn-1c836538d3efc22f486e2fbbd1fcf40d > i {\n  margin-right: 8px;\n}\n<\/style><div class=\"btn-align-left\"><a href=\"\/software-company\/contact\/\" class=\"default-btn-shortcode dt-btn dt-btn-m link-hover-off  vc_custom_1529511581557\" id=\"default-btn-1c836538d3efc22f486e2fbbd1fcf40d\"><span>CONTACT US<\/span><\/a><\/div>[\/vc_column_inner][\/vc_row_inner][\/vc_column][\/vc_row]<\/p>\n<\/div>","protected":false},"excerpt":{"rendered":"<p>[vc_row equal_height=&#8220;yes&#8220; content_placement=&#8220;middle&#8220; type=&#8220;vc_default&#8220; margin_top=&#8220;5&#8243; margin_bottom=&#8220;10&#8243; css=&#8220;.vc_custom_1491748274178{padding-top: 70px !important;padding-bottom: 30px !important;}&#8220;][vc_column offset=&#8220;vc_col-lg-offset-2 vc_col-lg-8 vc_col-md-offset-1 vc_col-md-10&#8243;][\/vc_column][vc_column][vc_row_inner equal_height=&#8220;yes&#8220; content_placement=&#8220;middle&#8220;][vc_column_inner width=&#8220;1\/2&#8243; css=&#8220;.vc_custom_1491746388981{padding-bottom: 50px !important;}&#8220;][\/vc_column_inner][vc_column_inner width=&#8220;1\/2&#8243; css=&#8220;.vc_custom_1491746397816{padding-bottom: 50px !important;}&#8220;][vc_column_text css=&#8220;.vc_custom_1584549536439{padding-bottom: 20px !important;}&#8220;]Die Software ist fertig und spricht die Sprache des Entwicklers. Ein schreckliches Szenario. Zum Gl\u00fcck kommt das nicht so oft vor. Aber nicht wenige Anwender kennen dieses Gef\u00fchl.&hellip;<\/p>\n","protected":false},"author":1,"featured_media":0,"parent":3085,"menu_order":10,"comment_status":"closed","ping_status":"closed","template":"","meta":{"footnotes":""},"class_list":["post-3087","page","type-page","status-publish","hentry","description-off"],"yoast_head":"<!-- This site is optimized with the Yoast SEO plugin v25.5 - https:\/\/yoast.com\/wordpress\/plugins\/seo\/ -->\n<title>Agile Softwareentwicklung - EFARO industrial software developing<\/title>\n<meta name=\"robots\" content=\"index, follow, max-snippet:-1, max-image-preview:large, max-video-preview:-1\" \/>\n<link rel=\"canonical\" href=\"https:\/\/www.efaro.de\/de\/technologien\/agiledeveloping\/\" \/>\n<meta property=\"og:locale\" content=\"de_DE\" \/>\n<meta property=\"og:type\" content=\"article\" \/>\n<meta property=\"og:title\" content=\"Agile Softwareentwicklung - EFARO industrial software developing\" \/>\n<meta property=\"og:description\" content=\"[vc_row equal_height=&#8220;yes&#8220; content_placement=&#8220;middle&#8220; type=&#8220;vc_default&#8220; margin_top=&#8220;5&#8243; margin_bottom=&#8220;10&#8243; css=&#8220;.vc_custom_1491748274178{padding-top: 70px !important;padding-bottom: 30px !important;}&#8220;][vc_column offset=&#8220;vc_col-lg-offset-2 vc_col-lg-8 vc_col-md-offset-1 vc_col-md-10&#8243;][\/vc_column][vc_column][vc_row_inner equal_height=&#8220;yes&#8220; content_placement=&#8220;middle&#8220;][vc_column_inner width=&#8220;1\/2&#8243; css=&#8220;.vc_custom_1491746388981{padding-bottom: 50px !important;}&#8220;][\/vc_column_inner][vc_column_inner width=&#8220;1\/2&#8243; css=&#8220;.vc_custom_1491746397816{padding-bottom: 50px !important;}&#8220;][vc_column_text css=&#8220;.vc_custom_1584549536439{padding-bottom: 20px !important;}&#8220;]Die Software ist fertig und spricht die Sprache des Entwicklers. Ein schreckliches Szenario. Zum Gl\u00fcck kommt das nicht so oft vor. Aber nicht wenige Anwender kennen dieses Gef\u00fchl.&hellip;\" \/>\n<meta property=\"og:url\" content=\"https:\/\/www.efaro.de\/de\/technologien\/agiledeveloping\/\" \/>\n<meta property=\"og:site_name\" content=\"EFARO industrial software developing\" \/>\n<meta property=\"article:modified_time\" content=\"2020-04-03T09:09:39+00:00\" \/>\n<meta name=\"twitter:card\" content=\"summary_large_image\" \/>\n<meta name=\"twitter:label1\" content=\"Gesch\u00e4tzte Lesezeit\" \/>\n\t<meta name=\"twitter:data1\" content=\"4\u00a0Minuten\" \/>\n<script type=\"application\/ld+json\" class=\"yoast-schema-graph\">{\"@context\":\"https:\/\/schema.org\",\"@graph\":[{\"@type\":\"WebPage\",\"@id\":\"https:\/\/www.efaro.de\/de\/technologien\/agiledeveloping\/\",\"url\":\"https:\/\/www.efaro.de\/de\/technologien\/agiledeveloping\/\",\"name\":\"Agile Softwareentwicklung - EFARO industrial software developing\",\"isPartOf\":{\"@id\":\"https:\/\/www.efaro.de\/de\/#website\"},\"datePublished\":\"2020-03-18T16:38:14+00:00\",\"dateModified\":\"2020-04-03T09:09:39+00:00\",\"breadcrumb\":{\"@id\":\"https:\/\/www.efaro.de\/de\/technologien\/agiledeveloping\/#breadcrumb\"},\"inLanguage\":\"de\",\"potentialAction\":[{\"@type\":\"ReadAction\",\"target\":[\"https:\/\/www.efaro.de\/de\/technologien\/agiledeveloping\/\"]}]},{\"@type\":\"BreadcrumbList\",\"@id\":\"https:\/\/www.efaro.de\/de\/technologien\/agiledeveloping\/#breadcrumb\",\"itemListElement\":[{\"@type\":\"ListItem\",\"position\":1,\"name\":\"Startseite\",\"item\":\"https:\/\/www.efaro.de\/de\/\"},{\"@type\":\"ListItem\",\"position\":2,\"name\":\"Technologien\",\"item\":\"https:\/\/www.efaro.de\/de\/technologien\/\"},{\"@type\":\"ListItem\",\"position\":3,\"name\":\"Agile Softwareentwicklung\"}]},{\"@type\":\"WebSite\",\"@id\":\"https:\/\/www.efaro.de\/de\/#website\",\"url\":\"https:\/\/www.efaro.de\/de\/\",\"name\":\"EFARO industrial software developing\",\"description\":\"Advanced PLC and HMI developing\",\"publisher\":{\"@id\":\"https:\/\/www.efaro.de\/de\/#organization\"},\"potentialAction\":[{\"@type\":\"SearchAction\",\"target\":{\"@type\":\"EntryPoint\",\"urlTemplate\":\"https:\/\/www.efaro.de\/de\/?s={search_term_string}\"},\"query-input\":{\"@type\":\"PropertyValueSpecification\",\"valueRequired\":true,\"valueName\":\"search_term_string\"}}],\"inLanguage\":\"de\"},{\"@type\":\"Organization\",\"@id\":\"https:\/\/www.efaro.de\/de\/#organization\",\"name\":\"EFARO\",\"url\":\"https:\/\/www.efaro.de\/de\/\",\"logo\":{\"@type\":\"ImageObject\",\"inLanguage\":\"de\",\"@id\":\"https:\/\/www.efaro.de\/de\/#\/schema\/logo\/image\/\",\"url\":\"https:\/\/www.efaro.de\/WordPress\/wp-content\/uploads\/2020\/02\/Logo_Long_BottomSmall.png\",\"contentUrl\":\"https:\/\/www.efaro.de\/WordPress\/wp-content\/uploads\/2020\/02\/Logo_Long_BottomSmall.png\",\"width\":300,\"height\":50,\"caption\":\"EFARO\"},\"image\":{\"@id\":\"https:\/\/www.efaro.de\/de\/#\/schema\/logo\/image\/\"}}]}<\/script>\n<!-- \/ Yoast SEO plugin. -->","yoast_head_json":{"title":"Agile Softwareentwicklung - EFARO industrial software developing","robots":{"index":"index","follow":"follow","max-snippet":"max-snippet:-1","max-image-preview":"max-image-preview:large","max-video-preview":"max-video-preview:-1"},"canonical":"https:\/\/www.efaro.de\/de\/technologien\/agiledeveloping\/","og_locale":"de_DE","og_type":"article","og_title":"Agile Softwareentwicklung - EFARO industrial software developing","og_description":"[vc_row equal_height=&#8220;yes&#8220; content_placement=&#8220;middle&#8220; type=&#8220;vc_default&#8220; margin_top=&#8220;5&#8243; margin_bottom=&#8220;10&#8243; css=&#8220;.vc_custom_1491748274178{padding-top: 70px !important;padding-bottom: 30px !important;}&#8220;][vc_column offset=&#8220;vc_col-lg-offset-2 vc_col-lg-8 vc_col-md-offset-1 vc_col-md-10&#8243;][\/vc_column][vc_column][vc_row_inner equal_height=&#8220;yes&#8220; content_placement=&#8220;middle&#8220;][vc_column_inner width=&#8220;1\/2&#8243; css=&#8220;.vc_custom_1491746388981{padding-bottom: 50px !important;}&#8220;][\/vc_column_inner][vc_column_inner width=&#8220;1\/2&#8243; css=&#8220;.vc_custom_1491746397816{padding-bottom: 50px !important;}&#8220;][vc_column_text css=&#8220;.vc_custom_1584549536439{padding-bottom: 20px !important;}&#8220;]Die Software ist fertig und spricht die Sprache des Entwicklers. Ein schreckliches Szenario. Zum Gl\u00fcck kommt das nicht so oft vor. Aber nicht wenige Anwender kennen dieses Gef\u00fchl.&hellip;","og_url":"https:\/\/www.efaro.de\/de\/technologien\/agiledeveloping\/","og_site_name":"EFARO industrial software developing","article_modified_time":"2020-04-03T09:09:39+00:00","twitter_card":"summary_large_image","twitter_misc":{"Gesch\u00e4tzte Lesezeit":"4\u00a0Minuten"},"schema":{"@context":"https:\/\/schema.org","@graph":[{"@type":"WebPage","@id":"https:\/\/www.efaro.de\/de\/technologien\/agiledeveloping\/","url":"https:\/\/www.efaro.de\/de\/technologien\/agiledeveloping\/","name":"Agile Softwareentwicklung - EFARO industrial software developing","isPartOf":{"@id":"https:\/\/www.efaro.de\/de\/#website"},"datePublished":"2020-03-18T16:38:14+00:00","dateModified":"2020-04-03T09:09:39+00:00","breadcrumb":{"@id":"https:\/\/www.efaro.de\/de\/technologien\/agiledeveloping\/#breadcrumb"},"inLanguage":"de","potentialAction":[{"@type":"ReadAction","target":["https:\/\/www.efaro.de\/de\/technologien\/agiledeveloping\/"]}]},{"@type":"BreadcrumbList","@id":"https:\/\/www.efaro.de\/de\/technologien\/agiledeveloping\/#breadcrumb","itemListElement":[{"@type":"ListItem","position":1,"name":"Startseite","item":"https:\/\/www.efaro.de\/de\/"},{"@type":"ListItem","position":2,"name":"Technologien","item":"https:\/\/www.efaro.de\/de\/technologien\/"},{"@type":"ListItem","position":3,"name":"Agile Softwareentwicklung"}]},{"@type":"WebSite","@id":"https:\/\/www.efaro.de\/de\/#website","url":"https:\/\/www.efaro.de\/de\/","name":"EFARO industrial software developing","description":"Advanced PLC and HMI developing","publisher":{"@id":"https:\/\/www.efaro.de\/de\/#organization"},"potentialAction":[{"@type":"SearchAction","target":{"@type":"EntryPoint","urlTemplate":"https:\/\/www.efaro.de\/de\/?s={search_term_string}"},"query-input":{"@type":"PropertyValueSpecification","valueRequired":true,"valueName":"search_term_string"}}],"inLanguage":"de"},{"@type":"Organization","@id":"https:\/\/www.efaro.de\/de\/#organization","name":"EFARO","url":"https:\/\/www.efaro.de\/de\/","logo":{"@type":"ImageObject","inLanguage":"de","@id":"https:\/\/www.efaro.de\/de\/#\/schema\/logo\/image\/","url":"https:\/\/www.efaro.de\/WordPress\/wp-content\/uploads\/2020\/02\/Logo_Long_BottomSmall.png","contentUrl":"https:\/\/www.efaro.de\/WordPress\/wp-content\/uploads\/2020\/02\/Logo_Long_BottomSmall.png","width":300,"height":50,"caption":"EFARO"},"image":{"@id":"https:\/\/www.efaro.de\/de\/#\/schema\/logo\/image\/"}}]}},"_links":{"self":[{"href":"https:\/\/www.efaro.de\/de\/wp-json\/wp\/v2\/pages\/3087","targetHints":{"allow":["GET"]}}],"collection":[{"href":"https:\/\/www.efaro.de\/de\/wp-json\/wp\/v2\/pages"}],"about":[{"href":"https:\/\/www.efaro.de\/de\/wp-json\/wp\/v2\/types\/page"}],"author":[{"embeddable":true,"href":"https:\/\/www.efaro.de\/de\/wp-json\/wp\/v2\/users\/1"}],"replies":[{"embeddable":true,"href":"https:\/\/www.efaro.de\/de\/wp-json\/wp\/v2\/comments?post=3087"}],"version-history":[{"count":3,"href":"https:\/\/www.efaro.de\/de\/wp-json\/wp\/v2\/pages\/3087\/revisions"}],"predecessor-version":[{"id":3092,"href":"https:\/\/www.efaro.de\/de\/wp-json\/wp\/v2\/pages\/3087\/revisions\/3092"}],"up":[{"embeddable":true,"href":"https:\/\/www.efaro.de\/de\/wp-json\/wp\/v2\/pages\/3085"}],"wp:attachment":[{"href":"https:\/\/www.efaro.de\/de\/wp-json\/wp\/v2\/media?parent=3087"}],"curies":[{"name":"wp","href":"https:\/\/api.w.org\/{rel}","templated":true}]}}