{"id":45672,"date":"2021-06-08T18:05:45","date_gmt":"2021-06-08T16:05:45","guid":{"rendered":"https:\/\/www.efaro.de\/solutions\/virtual-conditioning-2\/"},"modified":"2021-06-23T14:39:52","modified_gmt":"2021-06-23T12:39:52","slug":"virtual-commisioning","status":"publish","type":"page","link":"https:\/\/www.efaro.de\/de\/solutions\/virtual-commisioning\/","title":{"rendered":"Virtuelle Inbetriebnahmen"},"content":{"rendered":"<div class=\"wpb-content-wrapper\"><p>[vc_row equal_height=&#8220;yes&#8220; bg_type=&#8220;image&#8220; parallax_style=&#8220;vcpb-default&#8220; bg_image_new=&#8220;id^45635|url^https:\/\/www.efaro.de\/WordPress\/wp-content\/uploads\/2021\/06\/DtMain-2.png|caption^null|alt^null|title^DtMain|description^null&#8220; bg_image_repeat=&#8220;no-repeat&#8220; bg_override=&#8220;ex-full&#8220; enable_overlay=&#8220;enable_overlay_value&#8220; overlay_color=&#8220;rgba(0,0,0,0.37)&#8220; overlay_pattern=&#8220;transperant&#8220; overlay_pattern_opacity=&#8220;100&#8243; css=&#8220;.vc_custom_1623080769532{padding-top: 0px !important;padding-bottom: 5px !important;}&#8220;][vc_column]<div id=\"ultimate-heading-966669f9e8d890b0a\" class=\"uvc-heading ult-adjust-bottom-margin ultimate-heading-966669f9e8d890b0a uvc-615 accent-title-color\" data-hspacer=\"no_spacer\"  data-halign=\"center\" style=\"text-align:center\"><div class=\"uvc-heading-spacer no_spacer\" style=\"top\"><\/div><div class=\"uvc-main-heading ult-responsive\"  data-ultimate-target='.uvc-heading.ultimate-heading-966669f9e8d890b0a h2'  data-responsive-json-new='{\"font-size\":\"desktop:34px;tablet_portrait:20px;mobile_landscape:16px;\",\"line-height\":\"desktop:40px;tablet_portrait:34px;mobile_landscape:24px;\"}' ><h2 style=\"font-weight:bold;color:#dd3333;margin-top:60px;\">Zeit und Geld sparen<\/h2><\/div><div class=\"uvc-sub-heading ult-responsive\"  data-ultimate-target='.uvc-heading.ultimate-heading-966669f9e8d890b0a .uvc-sub-heading '  data-responsive-json-new='{\"font-size\":\"desktop:70px;tablet_portrait:34px;mobile_landscape:30px;\",\"line-height\":\"desktop:80px;tablet_portrait:44px;mobile_landscape:40px;\"}'  style=\"font-weight:bold;color:#ffffff;margin-bottom:70px;\">Inbetriebnahme mit einem virtuellen Modell<\/div><\/div>[\/vc_column][\/vc_row][vc_row][vc_column width=&#8220;1\/2&#8243;]<style type=\"text\/css\" data-type=\"the7_shortcodes-inline-css\">.shortcode-single-image-wrap.shortcode-single-image-e17301522165ad2b50d56a459ad89fa9.enable-bg-rollover .rollover i,\n.shortcode-single-image-wrap.shortcode-single-image-e17301522165ad2b50d56a459ad89fa9.enable-bg-rollover .rollover-video i {\n  background: -webkit-linear-gradient();\n  background: linear-gradient();\n}\n.shortcode-single-image-wrap.shortcode-single-image-e17301522165ad2b50d56a459ad89fa9 .rollover-icon {\n  font-size: 32px;\n  color: #ffffff;\n  min-width: 44px;\n  min-height: 44px;\n  line-height: 44px;\n  border-radius: 100px;\n  border-style: solid;\n  border-width: 0px;\n}\n.dt-icon-bg-on.shortcode-single-image-wrap.shortcode-single-image-e17301522165ad2b50d56a459ad89fa9 .rollover-icon {\n  background: rgba(255,255,255,0.3);\n  box-shadow: none;\n}\n<\/style><div class=\"shortcode-single-image-wrap shortcode-single-image-e17301522165ad2b50d56a459ad89fa9 alignnone  enable-bg-rollover dt-icon-bg-off\" style=\"margin-top:0px; margin-bottom:0px; margin-left:0px; margin-right:0px;\"><div class=\"shortcode-single-image\"><div class=\"fancy-media-wrap  layzr-bg\" style=\"\"><img fetchpriority=\"high\" decoding=\"async\" class=\"preload-me lazy-load aspect\" src=\"data:image\/svg+xml,%3Csvg%20xmlns%3D&#39;http%3A%2F%2Fwww.w3.org%2F2000%2Fsvg&#39;%20viewBox%3D&#39;0%200%20666%20500&#39;%2F%3E\" data-src=\"https:\/\/www.efaro.de\/WordPress\/wp-content\/uploads\/2021\/06\/CIMG6139-scaled-666x500.jpg\" data-srcset=\"https:\/\/www.efaro.de\/WordPress\/wp-content\/uploads\/2021\/06\/CIMG6139-scaled-666x500.jpg 666w, https:\/\/www.efaro.de\/WordPress\/wp-content\/uploads\/2021\/06\/CIMG6139-scaled-1332x1000.jpg 1332w\" loading=\"eager\" sizes=\"(max-width: 666px) 100vw, 666px\" width=\"666\" height=\"500\"  data-dt-location=\"https:\/\/www.efaro.de\/de\/solutions\/cimg6139\/\" style=\"--ratio: 666 \/ 500;\" alt=\"\" \/><\/div><\/div><\/div>[\/vc_column][vc_column width=&#8220;1\/2&#8243;]<div class=\"aio-icon-component    style_1\"><div id=\"Info-box-wrap-8734\" class=\"aio-icon-box default-icon\" style=\"\"  ><div class=\"aio-icon-header\" ><h3 class=\"aio-icon-title ult-responsive\"  data-ultimate-target='#Info-box-wrap-8734 .aio-icon-title'  data-responsive-json-new='{\"font-size\":\"\",\"line-height\":\"\"}'  style=\"\">Was das f\u00fcr Ihr Projekt bedeuten kann<\/h3><\/div> <!-- header --><div class=\"aio-icon-description ult-responsive\"  data-ultimate-target='#Info-box-wrap-8734 .aio-icon-description'  data-responsive-json-new='{\"font-size\":\"\",\"line-height\":\"\"}'  style=\"\">Parallel zur Konstruktion und Aufbau der Maschine schon die Steuerungs-Software schreiben und testen?<\/p>\n<p>Nach der Auslieferung unerwartetes Verhalten einer Steuerung nachstellen und l\u00f6sen, ohne das B\u00fcro verlassen zu m\u00fcssen?<\/p>\n<p>Klingt eigentlich erst mal ganz unspektakul\u00e4r \u2013 aber wenn eine Software reale Hardware steuert? Kann man dann ohne Vorhandensein der Hardware \u00fcberhaupt die Inbetriebnahme und den Test durchf\u00fchren? Fehler suchen?<\/p>\n<p>Hier gewinnt das virtuelle Hardware-Modell immer mehr an Bedeutung. Es erm\u00f6glicht umfangreiche Simulationen, lange bevor die reale Maschine existiert. Der Erkenntnisgewinn kann z.B. bereits in die Konstruktion der Maschine einflie\u00dfen. Wurden m\u00f6glicherweise Sensoren vergessen?<\/p>\n<p>Eine bereits existierende Maschine muss m\u00f6glicherweise w\u00e4hrend der Inbetriebnahme noch aufwendig umgebaut werden. Das treibt die Kosten in die H\u00f6he. Jeder vorher erkannte Fehler steigert die Effizienz ihres Projekts.<\/div> <!-- description --><\/div> <!-- aio-icon-box --><\/div> <!-- aio-icon-component -->[\/vc_column][\/vc_row][vc_row equal_height=&#8220;yes&#8220; content_placement=&#8220;top&#8220;][vc_column]<div id=\"ultimate-heading-742969f9e8d892253\" class=\"uvc-heading ult-adjust-bottom-margin ultimate-heading-742969f9e8d892253 uvc-7689  uvc-heading-default-font-sizes\" data-hspacer=\"no_spacer\"  data-halign=\"center\" style=\"text-align:center\"><div class=\"uvc-heading-spacer no_spacer\" style=\"top\"><\/div><div class=\"uvc-main-heading ult-responsive\"  data-ultimate-target='.uvc-heading.ultimate-heading-742969f9e8d892253 h3'  data-responsive-json-new='{\"font-size\":\"\",\"line-height\":\"\"}' ><h3 style=\"--font-weight:theme;\">Unser Angebot<\/h3><\/div><div class=\"uvc-sub-heading ult-responsive\"  data-ultimate-target='.uvc-heading.ultimate-heading-742969f9e8d892253 .uvc-sub-heading '  data-responsive-json-new='{\"font-size\":\"desktop:34px;tablet_portrait:20px;mobile_landscape:16px;\",\"line-height\":\"desktop:40px;tablet_portrait:34px;mobile_landscape:24px;\"}'  style=\"font-weight:bold;\"><span style=\"color: #3366ff;\">Wie bieten die virtuelle Inbetriebnahme als Extra-Leistung an. Sie entscheiden, ob Sie davon profitieren m\u00f6chten.<\/span><\/div><\/div>[vc_separator border_width=&#8220;3&#8243;][vc_empty_space height=&#8220;76px&#8220;][\/vc_column][\/vc_row][vc_row bg_type=&#8220;image&#8220; parallax_style=&#8220;vcpb-default&#8220; bg_image_new=&#8220;id^45683|url^https:\/\/www.efaro.de\/WordPress\/wp-content\/uploads\/2021\/06\/TestSzenario_S.png|caption^null|alt^null|title^TestSzenario_S|description^null&#8220; bg_image_repeat=&#8220;no-repeat&#8220; bg_img_attach=&#8220;fixed&#8220; bg_override=&#8220;ex-full&#8220; css=&#8220;.vc_custom_1623212904650{padding-top: 150px !important;padding-bottom: 150px !important;}&#8220;][vc_column][\/vc_column][\/vc_row][vc_row equal_height=&#8220;yes&#8220; content_placement=&#8220;top&#8220;][vc_column][vc_empty_space height=&#8220;76px&#8220;][vc_separator border_width=&#8220;3&#8243;][\/vc_column][\/vc_row][vc_row css=&#8220;.vc_custom_1623127413653{margin-top: 36px !important;margin-bottom: 36px !important;}&#8220;][vc_column width=&#8220;1\/2&#8243;]<style type=\"text\/css\" data-type=\"the7_shortcodes-inline-css\">.shortcode-single-image-wrap.shortcode-single-image-790fb3ca859d2eb5c1e0e0784cf94403.enable-bg-rollover .rollover i,\n.shortcode-single-image-wrap.shortcode-single-image-790fb3ca859d2eb5c1e0e0784cf94403.enable-bg-rollover .rollover-video i {\n  background: -webkit-linear-gradient();\n  background: linear-gradient();\n}\n.shortcode-single-image-wrap.shortcode-single-image-790fb3ca859d2eb5c1e0e0784cf94403 .rollover-icon {\n  font-size: 32px;\n  color: #ffffff;\n  min-width: 44px;\n  min-height: 44px;\n  line-height: 44px;\n  border-radius: 100px;\n  border-style: solid;\n  border-width: 0px;\n}\n.dt-icon-bg-on.shortcode-single-image-wrap.shortcode-single-image-790fb3ca859d2eb5c1e0e0784cf94403 .rollover-icon {\n  background: rgba(255,255,255,0.3);\n  box-shadow: none;\n}\n<\/style><div class=\"shortcode-single-image-wrap shortcode-single-image-790fb3ca859d2eb5c1e0e0784cf94403 alignnone  enable-bg-rollover dt-icon-bg-off\" style=\"margin-top:0px; margin-bottom:0px; margin-left:0px; margin-right:0px;\"><div class=\"shortcode-single-image\"><div class=\"fancy-media-wrap  layzr-bg\" style=\"\"><img decoding=\"async\" class=\"preload-me lazy-load aspect\" src=\"data:image\/svg+xml,%3Csvg%20xmlns%3D&#39;http%3A%2F%2Fwww.w3.org%2F2000%2Fsvg&#39;%20viewBox%3D&#39;0%200%20640%20500&#39;%2F%3E\" data-src=\"https:\/\/www.efaro.de\/WordPress\/wp-content\/uploads\/2021\/06\/ai-4846063_1280-640x500.jpg\" data-srcset=\"https:\/\/www.efaro.de\/WordPress\/wp-content\/uploads\/2021\/06\/ai-4846063_1280-640x500.jpg 640w, https:\/\/www.efaro.de\/WordPress\/wp-content\/uploads\/2021\/06\/ai-4846063_1280.jpg 1280w\" loading=\"eager\" sizes=\"(max-width: 640px) 100vw, 640px\" width=\"640\" height=\"500\"  data-dt-location=\"https:\/\/www.efaro.de\/de\/solutions\/ai-4846063_1280\/\" style=\"--ratio: 640 \/ 500;\" alt=\"\" \/><\/div><\/div><\/div>[\/vc_column][vc_column width=&#8220;1\/2&#8243;][vc_row_inner equal_height=&#8220;yes&#8220; content_placement=&#8220;middle&#8220;][\/vc_row_inner]<div id=\"ultimate-heading-314969f9e8d89337b\" class=\"uvc-heading ult-adjust-bottom-margin ultimate-heading-314969f9e8d89337b uvc-2227  uvc-heading-default-font-sizes\" data-hspacer=\"no_spacer\"  data-halign=\"center\" style=\"text-align:center\"><div class=\"uvc-heading-spacer no_spacer\" style=\"top\"><\/div><div class=\"uvc-main-heading ult-responsive\"  data-ultimate-target='.uvc-heading.ultimate-heading-314969f9e8d89337b h3'  data-responsive-json-new='{\"font-size\":\"\",\"line-height\":\"\"}' ><h3 style=\"--font-weight:theme;\">Vorteile<\/h3><\/div><\/div><div class=\"standard-arrow bullet-top\"><ul>\n<li>Die Reisekosten werden minimiert. Der Gro\u00dfteil der Inbetriebnahme kann im Home-Office durchgef\u00fchrt werden.<\/li>\n<li>Die Projektdauer wird erheblich verk\u00fcrzt, weil man schon parallel zur Konstruktion und Installation, die Software in Ihrer der virtuellen Hardwareumgebung testen kann.<\/li>\n<li>Nach Auslieferung an den Kunden, k\u00f6nnen unerwartete Verhaltensweisen nachgestellt werden, ohne vor Ort sein zu m\u00fcssen und ggf. auch noch die Anlage teilweise aus der Produktion nehmen zu m\u00fcssen.<\/li>\n<li>Spezialfall Retrofit: Die Zeit des Produktionsausfalls kann erheblich verk\u00fcrzt werden. Die Produktionsanlage steht einige Wochen fr\u00fcher wieder zur Verf\u00fcgung. Das ist ein nicht unerheblicher Kostenfaktor.<\/li>\n<\/ul>\n<\/div>[\/vc_column][\/vc_row][vc_row css=&#8220;.vc_custom_1623127424639{margin-top: 36px !important;margin-bottom: 36px !important;}&#8220;][vc_column width=&#8220;1\/2&#8243;][vc_row_inner equal_height=&#8220;yes&#8220; content_placement=&#8220;middle&#8220;][\/vc_row_inner]<div id=\"ultimate-heading-753969f9e8d893459\" class=\"uvc-heading ult-adjust-bottom-margin ultimate-heading-753969f9e8d893459 uvc-9594  uvc-heading-default-font-sizes\" data-hspacer=\"no_spacer\"  data-halign=\"center\" style=\"text-align:center\"><div class=\"uvc-heading-spacer no_spacer\" style=\"top\"><\/div><div class=\"uvc-main-heading ult-responsive\"  data-ultimate-target='.uvc-heading.ultimate-heading-753969f9e8d893459 h3'  data-responsive-json-new='{\"font-size\":\"\",\"line-height\":\"\"}' ><h3 style=\"--font-weight:theme;\">Nachteile<\/h3><\/div><\/div><div class=\"standard-arrow bullet-top\"><ul>\n<li>In Summe gr\u00f6\u00dferer Zeitaufwand durch die Modellierung des digitalen Zwillings.<\/li>\n<li>Wenn der digitale Zwilling die reale Welt nicht richtig abbildet, passt die Simulation nicht. Nach der erfolgten Hardware-Inbetriebnahme muss der digitale Zwilling m\u00f6glicherweise noch nachgesch\u00e4rft werden.<\/li>\n<\/ul>\n<\/div>[\/vc_column][vc_column width=&#8220;1\/2&#8243;]<style type=\"text\/css\" data-type=\"the7_shortcodes-inline-css\">.shortcode-single-image-wrap.shortcode-single-image-7854da21d8171d2f993a0b9d9251016a.enable-bg-rollover .rollover i,\n.shortcode-single-image-wrap.shortcode-single-image-7854da21d8171d2f993a0b9d9251016a.enable-bg-rollover .rollover-video i {\n  background: -webkit-linear-gradient();\n  background: linear-gradient();\n}\n.shortcode-single-image-wrap.shortcode-single-image-7854da21d8171d2f993a0b9d9251016a .rollover-icon {\n  font-size: 32px;\n  color: #ffffff;\n  min-width: 44px;\n  min-height: 44px;\n  line-height: 44px;\n  border-radius: 100px;\n  border-style: solid;\n  border-width: 0px;\n}\n.dt-icon-bg-on.shortcode-single-image-wrap.shortcode-single-image-7854da21d8171d2f993a0b9d9251016a .rollover-icon {\n  background: rgba(255,255,255,0.3);\n  box-shadow: none;\n}\n<\/style><div class=\"shortcode-single-image-wrap shortcode-single-image-7854da21d8171d2f993a0b9d9251016a alignnone  enable-bg-rollover dt-icon-bg-off\" style=\"margin-top:0px; margin-bottom:0px; margin-left:0px; margin-right:0px;\"><div class=\"shortcode-single-image\"><div class=\"fancy-media-wrap  layzr-bg\" style=\"\"><img decoding=\"async\" class=\"preload-me lazy-load aspect\" src=\"data:image\/svg+xml,%3Csvg%20xmlns%3D&#39;http%3A%2F%2Fwww.w3.org%2F2000%2Fsvg&#39;%20viewBox%3D&#39;0%200%20750%20500&#39;%2F%3E\" data-src=\"https:\/\/www.efaro.de\/WordPress\/wp-content\/uploads\/2021\/06\/analytics-3088958_1280-750x500.jpg\" data-srcset=\"https:\/\/www.efaro.de\/WordPress\/wp-content\/uploads\/2021\/06\/analytics-3088958_1280-750x500.jpg 750w, https:\/\/www.efaro.de\/WordPress\/wp-content\/uploads\/2021\/06\/analytics-3088958_1280.jpg 1279w\" loading=\"eager\" sizes=\"(max-width: 750px) 100vw, 750px\" width=\"750\" height=\"500\"  data-dt-location=\"https:\/\/www.efaro.de\/de\/solutions\/analytics-3088958_1280\/\" style=\"--ratio: 750 \/ 500;\" alt=\"\" \/><\/div><\/div><\/div>[\/vc_column][\/vc_row][vc_row bg_type=&#8220;image&#8220; parallax_style=&#8220;vcpb-default&#8220; bg_image_new=&#8220;id^45660|url^https:\/\/www.efaro.de\/WordPress\/wp-content\/uploads\/2021\/06\/living-room-1602563_1280.jpg|caption^null|alt^null|title^living-room-1602563_1280|description^null&#8220; bg_image_repeat=&#8220;no-repeat&#8220; bg_override=&#8220;ex-full&#8220; css=&#8220;.vc_custom_1623128101034{margin-bottom: 10px !important;padding-top: 5% !important;padding-bottom: 5% !important;}&#8220;][vc_column][vc_column_text]<\/p>\n<p style=\"text-align: center;\"><strong><span style=\"color: #eeeeee;\"><big><big><big>Get more infos.<\/big><\/big><\/big><\/span><\/strong><\/p>\n<p>[\/vc_column_text]<style type=\"text\/css\" data-type=\"the7_shortcodes-inline-css\">#default-btn-655e400720cc6a3e18544258ca0e86ba.ico-right-side > i {\n  margin-right: 0px;\n  margin-left: 8px;\n}\n#default-btn-655e400720cc6a3e18544258ca0e86ba > i {\n  margin-right: 8px;\n}\n<\/style><div class=\"btn-align-center\"><a href=\"https:\/\/www.efaro.de\/contact\/\" class=\"default-btn-shortcode dt-btn dt-btn-l link-hover-off  vc_custom_1623139076872\" id=\"default-btn-655e400720cc6a3e18544258ca0e86ba\" style=\"width:200px;\" title=\"Kontakt\"><i class=\"fas fa-chalkboard-teacher\"><\/i><span>CONTACT US<\/span><\/a><\/div>[\/vc_column][\/vc_row]<\/p>\n<\/div>","protected":false},"excerpt":{"rendered":"<p>[vc_row equal_height=&#8220;yes&#8220; bg_type=&#8220;image&#8220; parallax_style=&#8220;vcpb-default&#8220; bg_image_new=&#8220;id^45635|url^https:\/\/www.efaro.de\/WordPress\/wp-content\/uploads\/2021\/06\/DtMain-2.png|caption^null|alt^null|title^DtMain|description^null&#8220; bg_image_repeat=&#8220;no-repeat&#8220; bg_override=&#8220;ex-full&#8220; enable_overlay=&#8220;enable_overlay_value&#8220; overlay_color=&#8220;rgba(0,0,0,0.37)&#8220; overlay_pattern=&#8220;transperant&#8220; overlay_pattern_opacity=&#8220;100&#8243; css=&#8220;.vc_custom_1623080769532{padding-top: 0px !important;padding-bottom: 5px !important;}&#8220;][vc_column][\/vc_column][\/vc_row][vc_row][vc_column width=&#8220;1\/2&#8243;][\/vc_column][vc_column width=&#8220;1\/2&#8243;][\/vc_column][\/vc_row][vc_row equal_height=&#8220;yes&#8220; content_placement=&#8220;top&#8220;][vc_column][vc_separator border_width=&#8220;3&#8243;][vc_empty_space height=&#8220;76px&#8220;][\/vc_column][\/vc_row][vc_row bg_type=&#8220;image&#8220; parallax_style=&#8220;vcpb-default&#8220; bg_image_new=&#8220;id^45683|url^https:\/\/www.efaro.de\/WordPress\/wp-content\/uploads\/2021\/06\/TestSzenario_S.png|caption^null|alt^null|title^TestSzenario_S|description^null&#8220; bg_image_repeat=&#8220;no-repeat&#8220; bg_img_attach=&#8220;fixed&#8220; bg_override=&#8220;ex-full&#8220; css=&#8220;.vc_custom_1623212904650{padding-top: 150px !important;padding-bottom: 150px !important;}&#8220;][vc_column][\/vc_column][\/vc_row][vc_row equal_height=&#8220;yes&#8220; content_placement=&#8220;top&#8220;][vc_column][vc_empty_space height=&#8220;76px&#8220;][vc_separator border_width=&#8220;3&#8243;][\/vc_column][\/vc_row][vc_row css=&#8220;.vc_custom_1623127413653{margin-top: 36px !important;margin-bottom: 36px !important;}&#8220;][vc_column width=&#8220;1\/2&#8243;][\/vc_column][vc_column width=&#8220;1\/2&#8243;][vc_row_inner equal_height=&#8220;yes&#8220; content_placement=&#8220;middle&#8220;][\/vc_row_inner][\/vc_column][\/vc_row][vc_row css=&#8220;.vc_custom_1623127424639{margin-top: 36px !important;margin-bottom: 36px !important;}&#8220;][vc_column width=&#8220;1\/2&#8243;][vc_row_inner equal_height=&#8220;yes&#8220; content_placement=&#8220;middle&#8220;][\/vc_row_inner][\/vc_column][vc_column width=&#8220;1\/2&#8243;][\/vc_column][\/vc_row][vc_row&hellip;<\/p>\n","protected":false},"author":1,"featured_media":0,"parent":45594,"menu_order":25,"comment_status":"closed","ping_status":"closed","template":"","meta":{"footnotes":""},"class_list":["post-45672","page","type-page","status-publish","hentry","description-off"],"yoast_head":"<!-- This site is optimized with the Yoast SEO plugin v25.5 - https:\/\/yoast.com\/wordpress\/plugins\/seo\/ -->\n<title>Virtuelle Inbetriebnahmen - EFARO industrial software developing<\/title>\n<meta name=\"description\" content=\"Durch eine virtuelle Inbetriebnahme die Software testen, noch bevor die Maschine einsatzbereit ist. Das spart Zeit und Geld.\" \/>\n<meta name=\"robots\" content=\"index, follow, max-snippet:-1, max-image-preview:large, max-video-preview:-1\" \/>\n<link rel=\"canonical\" href=\"https:\/\/www.efaro.de\/de\/solutions\/virtual-commisioning\/\" \/>\n<meta property=\"og:locale\" content=\"de_DE\" \/>\n<meta property=\"og:type\" content=\"article\" \/>\n<meta property=\"og:title\" content=\"Virtuelle Inbetriebnahmen - EFARO industrial software developing\" \/>\n<meta property=\"og:description\" content=\"Durch eine virtuelle Inbetriebnahme die Software testen, noch bevor die Maschine einsatzbereit ist. Das spart Zeit und Geld.\" \/>\n<meta property=\"og:url\" content=\"https:\/\/www.efaro.de\/de\/solutions\/virtual-commisioning\/\" \/>\n<meta property=\"og:site_name\" content=\"EFARO industrial software developing\" \/>\n<meta property=\"article:modified_time\" content=\"2021-06-23T12:39:52+00:00\" \/>\n<meta name=\"twitter:card\" content=\"summary_large_image\" \/>\n<meta name=\"twitter:label1\" content=\"Gesch\u00e4tzte Lesezeit\" \/>\n\t<meta name=\"twitter:data1\" content=\"4\u00a0Minuten\" \/>\n<script type=\"application\/ld+json\" class=\"yoast-schema-graph\">{\"@context\":\"https:\/\/schema.org\",\"@graph\":[{\"@type\":\"WebPage\",\"@id\":\"https:\/\/www.efaro.de\/de\/solutions\/virtual-commisioning\/\",\"url\":\"https:\/\/www.efaro.de\/de\/solutions\/virtual-commisioning\/\",\"name\":\"Virtuelle Inbetriebnahmen - EFARO industrial software developing\",\"isPartOf\":{\"@id\":\"https:\/\/www.efaro.de\/de\/#website\"},\"datePublished\":\"2021-06-08T16:05:45+00:00\",\"dateModified\":\"2021-06-23T12:39:52+00:00\",\"description\":\"Durch eine virtuelle Inbetriebnahme die Software testen, noch bevor die Maschine einsatzbereit ist. Das spart Zeit und Geld.\",\"breadcrumb\":{\"@id\":\"https:\/\/www.efaro.de\/de\/solutions\/virtual-commisioning\/#breadcrumb\"},\"inLanguage\":\"de\",\"potentialAction\":[{\"@type\":\"ReadAction\",\"target\":[\"https:\/\/www.efaro.de\/de\/solutions\/virtual-commisioning\/\"]}]},{\"@type\":\"BreadcrumbList\",\"@id\":\"https:\/\/www.efaro.de\/de\/solutions\/virtual-commisioning\/#breadcrumb\",\"itemListElement\":[{\"@type\":\"ListItem\",\"position\":1,\"name\":\"Startseite\",\"item\":\"https:\/\/www.efaro.de\/de\/\"},{\"@type\":\"ListItem\",\"position\":2,\"name\":\"L\u00f6sungen\",\"item\":\"https:\/\/www.efaro.de\/de\/solutions\/\"},{\"@type\":\"ListItem\",\"position\":3,\"name\":\"Virtuelle Inbetriebnahmen\"}]},{\"@type\":\"WebSite\",\"@id\":\"https:\/\/www.efaro.de\/de\/#website\",\"url\":\"https:\/\/www.efaro.de\/de\/\",\"name\":\"EFARO industrial software developing\",\"description\":\"Advanced PLC and HMI developing\",\"publisher\":{\"@id\":\"https:\/\/www.efaro.de\/de\/#organization\"},\"potentialAction\":[{\"@type\":\"SearchAction\",\"target\":{\"@type\":\"EntryPoint\",\"urlTemplate\":\"https:\/\/www.efaro.de\/de\/?s={search_term_string}\"},\"query-input\":{\"@type\":\"PropertyValueSpecification\",\"valueRequired\":true,\"valueName\":\"search_term_string\"}}],\"inLanguage\":\"de\"},{\"@type\":\"Organization\",\"@id\":\"https:\/\/www.efaro.de\/de\/#organization\",\"name\":\"EFARO\",\"url\":\"https:\/\/www.efaro.de\/de\/\",\"logo\":{\"@type\":\"ImageObject\",\"inLanguage\":\"de\",\"@id\":\"https:\/\/www.efaro.de\/de\/#\/schema\/logo\/image\/\",\"url\":\"https:\/\/www.efaro.de\/WordPress\/wp-content\/uploads\/2020\/02\/Logo_Long_BottomSmall.png\",\"contentUrl\":\"https:\/\/www.efaro.de\/WordPress\/wp-content\/uploads\/2020\/02\/Logo_Long_BottomSmall.png\",\"width\":300,\"height\":50,\"caption\":\"EFARO\"},\"image\":{\"@id\":\"https:\/\/www.efaro.de\/de\/#\/schema\/logo\/image\/\"}}]}<\/script>\n<!-- \/ Yoast SEO plugin. -->","yoast_head_json":{"title":"Virtuelle Inbetriebnahmen - EFARO industrial software developing","description":"Durch eine virtuelle Inbetriebnahme die Software testen, noch bevor die Maschine einsatzbereit ist. Das spart Zeit und Geld.","robots":{"index":"index","follow":"follow","max-snippet":"max-snippet:-1","max-image-preview":"max-image-preview:large","max-video-preview":"max-video-preview:-1"},"canonical":"https:\/\/www.efaro.de\/de\/solutions\/virtual-commisioning\/","og_locale":"de_DE","og_type":"article","og_title":"Virtuelle Inbetriebnahmen - EFARO industrial software developing","og_description":"Durch eine virtuelle Inbetriebnahme die Software testen, noch bevor die Maschine einsatzbereit ist. Das spart Zeit und Geld.","og_url":"https:\/\/www.efaro.de\/de\/solutions\/virtual-commisioning\/","og_site_name":"EFARO industrial software developing","article_modified_time":"2021-06-23T12:39:52+00:00","twitter_card":"summary_large_image","twitter_misc":{"Gesch\u00e4tzte Lesezeit":"4\u00a0Minuten"},"schema":{"@context":"https:\/\/schema.org","@graph":[{"@type":"WebPage","@id":"https:\/\/www.efaro.de\/de\/solutions\/virtual-commisioning\/","url":"https:\/\/www.efaro.de\/de\/solutions\/virtual-commisioning\/","name":"Virtuelle Inbetriebnahmen - EFARO industrial software developing","isPartOf":{"@id":"https:\/\/www.efaro.de\/de\/#website"},"datePublished":"2021-06-08T16:05:45+00:00","dateModified":"2021-06-23T12:39:52+00:00","description":"Durch eine virtuelle Inbetriebnahme die Software testen, noch bevor die Maschine einsatzbereit ist. Das spart Zeit und Geld.","breadcrumb":{"@id":"https:\/\/www.efaro.de\/de\/solutions\/virtual-commisioning\/#breadcrumb"},"inLanguage":"de","potentialAction":[{"@type":"ReadAction","target":["https:\/\/www.efaro.de\/de\/solutions\/virtual-commisioning\/"]}]},{"@type":"BreadcrumbList","@id":"https:\/\/www.efaro.de\/de\/solutions\/virtual-commisioning\/#breadcrumb","itemListElement":[{"@type":"ListItem","position":1,"name":"Startseite","item":"https:\/\/www.efaro.de\/de\/"},{"@type":"ListItem","position":2,"name":"L\u00f6sungen","item":"https:\/\/www.efaro.de\/de\/solutions\/"},{"@type":"ListItem","position":3,"name":"Virtuelle Inbetriebnahmen"}]},{"@type":"WebSite","@id":"https:\/\/www.efaro.de\/de\/#website","url":"https:\/\/www.efaro.de\/de\/","name":"EFARO industrial software developing","description":"Advanced PLC and HMI developing","publisher":{"@id":"https:\/\/www.efaro.de\/de\/#organization"},"potentialAction":[{"@type":"SearchAction","target":{"@type":"EntryPoint","urlTemplate":"https:\/\/www.efaro.de\/de\/?s={search_term_string}"},"query-input":{"@type":"PropertyValueSpecification","valueRequired":true,"valueName":"search_term_string"}}],"inLanguage":"de"},{"@type":"Organization","@id":"https:\/\/www.efaro.de\/de\/#organization","name":"EFARO","url":"https:\/\/www.efaro.de\/de\/","logo":{"@type":"ImageObject","inLanguage":"de","@id":"https:\/\/www.efaro.de\/de\/#\/schema\/logo\/image\/","url":"https:\/\/www.efaro.de\/WordPress\/wp-content\/uploads\/2020\/02\/Logo_Long_BottomSmall.png","contentUrl":"https:\/\/www.efaro.de\/WordPress\/wp-content\/uploads\/2020\/02\/Logo_Long_BottomSmall.png","width":300,"height":50,"caption":"EFARO"},"image":{"@id":"https:\/\/www.efaro.de\/de\/#\/schema\/logo\/image\/"}}]}},"_links":{"self":[{"href":"https:\/\/www.efaro.de\/de\/wp-json\/wp\/v2\/pages\/45672","targetHints":{"allow":["GET"]}}],"collection":[{"href":"https:\/\/www.efaro.de\/de\/wp-json\/wp\/v2\/pages"}],"about":[{"href":"https:\/\/www.efaro.de\/de\/wp-json\/wp\/v2\/types\/page"}],"author":[{"embeddable":true,"href":"https:\/\/www.efaro.de\/de\/wp-json\/wp\/v2\/users\/1"}],"replies":[{"embeddable":true,"href":"https:\/\/www.efaro.de\/de\/wp-json\/wp\/v2\/comments?post=45672"}],"version-history":[{"count":10,"href":"https:\/\/www.efaro.de\/de\/wp-json\/wp\/v2\/pages\/45672\/revisions"}],"predecessor-version":[{"id":45790,"href":"https:\/\/www.efaro.de\/de\/wp-json\/wp\/v2\/pages\/45672\/revisions\/45790"}],"up":[{"embeddable":true,"href":"https:\/\/www.efaro.de\/de\/wp-json\/wp\/v2\/pages\/45594"}],"wp:attachment":[{"href":"https:\/\/www.efaro.de\/de\/wp-json\/wp\/v2\/media?parent=45672"}],"curies":[{"name":"wp","href":"https:\/\/api.w.org\/{rel}","templated":true}]}}